{"id":9992,"date":"2019-09-27T14:16:40","date_gmt":"2019-09-27T12:16:40","guid":{"rendered":"https:\/\/www.rgequip.com\/?post_type=product&#038;p=9992"},"modified":"2019-09-27T14:17:36","modified_gmt":"2019-09-27T12:17:36","slug":"marmite-brillante-30x15-cm","status":"publish","type":"product","link":"https:\/\/www.rgequip.com\/?product=marmite-brillante-30x15-cm","title":{"rendered":"Marmite brillante 30&#215;15 cm"},"content":{"rendered":"<ul>\n<li style=\"text-align: left;\">Fabriqu\u00e9 en m\u00e9tal en acier inoxydable<\/li>\n<li style=\"text-align: left;\">Corps tout inox<\/li>\n<li style=\"text-align: left;\">Convient parfaitement pour un usage professionnel et industriel<\/li>\n<li style=\"text-align: left;\">Poign\u00e9es r\u00e9sistant \u00e0 la chaleur et aux chocs thermiques<\/li>\n<li style=\"text-align: left;\">Options de taille pour chaque application<\/li>\n<li style=\"text-align: left;\">De m\u00eame, une excellente dissipation thermique<\/li>\n<li style=\"text-align: left;\">Enfin, ext\u00e9rieur brillant satin\u00e9<\/li>\n<\/ul>\n","protected":false},"excerpt":{"rendered":"<p>Fabriqu\u00e9 en m\u00e9tal en acier inoxydable Corps tout inox Convient parfaitement pour un usage professionnel et industriel Poign\u00e9es r\u00e9sistant \u00e0<\/p>\n","protected":false},"featured_media":9512,"comment_status":"open","ping_status":"closed","template":"","meta":[],"product_brand":[],"product_cat":[337,340,355],"product_tag":[],"class_list":{"0":"post-9992","1":"product","2":"type-product","3":"status-publish","4":"has-post-thumbnail","6":"product_cat-preparation","7":"product_cat-accessoires-preparation","8":"product_cat-ustensils","10":"first","11":"instock","12":"shipping-taxable","13":"product-type-simple"},"_links":{"self":[{"href":"https:\/\/www.rgequip.com\/index.php?rest_route=\/wp\/v2\/product\/9992","targetHints":{"allow":["GET"]}}],"collection":[{"href":"https:\/\/www.rgequip.com\/index.php?rest_route=\/wp\/v2\/product"}],"about":[{"href":"https:\/\/www.rgequip.com\/index.php?rest_route=\/wp\/v2\/types\/product"}],"replies":[{"embeddable":true,"href":"https:\/\/www.rgequip.com\/index.php?rest_route=%2Fwp%2Fv2%2Fcomments&post=9992"}],"version-history":[{"count":0,"href":"https:\/\/www.rgequip.com\/index.php?rest_route=\/wp\/v2\/product\/9992\/revisions"}],"wp:featuredmedia":[{"embeddable":true,"href":"https:\/\/www.rgequip.com\/index.php?rest_route=\/wp\/v2\/media\/9512"}],"wp:attachment":[{"href":"https:\/\/www.rgequip.com\/index.php?rest_route=%2Fwp%2Fv2%2Fmedia&parent=9992"}],"wp:term":[{"taxonomy":"product_brand","embeddable":true,"href":"https:\/\/www.rgequip.com\/index.php?rest_route=%2Fwp%2Fv2%2Fproduct_brand&post=9992"},{"taxonomy":"product_cat","embeddable":true,"href":"https:\/\/www.rgequip.com\/index.php?rest_route=%2Fwp%2Fv2%2Fproduct_cat&post=9992"},{"taxonomy":"product_tag","embeddable":true,"href":"https:\/\/www.rgequip.com\/index.php?rest_route=%2Fwp%2Fv2%2Fproduct_tag&post=9992"}],"curies":[{"name":"wp","href":"https:\/\/api.w.org\/{rel}","templated":true}]}}