{"id":9985,"date":"2019-09-27T14:12:34","date_gmt":"2019-09-27T12:12:34","guid":{"rendered":"https:\/\/www.rgequip.com\/?post_type=product&#038;p=9985"},"modified":"2019-09-27T14:12:35","modified_gmt":"2019-09-27T12:12:35","slug":"blender-melangeur","status":"publish","type":"product","link":"https:\/\/www.rgequip.com\/?product=blender-melangeur","title":{"rendered":"Blender-M\u00e9langeur"},"content":{"rendered":"<p>Shake, frappe, etc. machine.\u00a0Corps en plastique &#8211; 2 tasses en lexan transparent.\u00a0&#8211;<br \/>\nmoteur \u00e0 deux vitesses<br \/>\n4 programmes m\u00e9moris\u00e9s (8-12-30-60 \u201d) &#8211;<br \/>\nbouton\u00ab pulser \u00bblent \/ rapide<br \/>\nbouton coupe-glace<br \/>\nmicro interrupteur de s\u00e9curit\u00e9 sur le gobelet<br \/>\ncouteau avec 4 lames en acier inoxydable<br \/>\ncapuchon sur le couvercle \u00e0 ajouter ingr\u00e9dients pendant le travail.<br \/>\nAvec bloc en inox<\/p>\n","protected":false},"excerpt":{"rendered":"<p>Shake, frappe, etc. machine.\u00a0Corps en plastique &#8211; 2 tasses en lexan transparent.\u00a0&#8211; moteur \u00e0 deux vitesses 4 programmes m\u00e9moris\u00e9s (8-12-30-60<\/p>\n","protected":false},"featured_media":9989,"comment_status":"open","ping_status":"closed","template":"","meta":[],"product_brand":[],"product_cat":[314,320,321],"product_tag":[],"class_list":{"0":"post-9985","1":"product","2":"type-product","3":"status-publish","4":"has-post-thumbnail","6":"product_cat-cafe-bar","7":"product_cat-blender","8":"product_cat-blender-mixer","10":"first","11":"instock","12":"shipping-taxable","13":"product-type-simple"},"_links":{"self":[{"href":"https:\/\/www.rgequip.com\/index.php?rest_route=\/wp\/v2\/product\/9985","targetHints":{"allow":["GET"]}}],"collection":[{"href":"https:\/\/www.rgequip.com\/index.php?rest_route=\/wp\/v2\/product"}],"about":[{"href":"https:\/\/www.rgequip.com\/index.php?rest_route=\/wp\/v2\/types\/product"}],"replies":[{"embeddable":true,"href":"https:\/\/www.rgequip.com\/index.php?rest_route=%2Fwp%2Fv2%2Fcomments&post=9985"}],"version-history":[{"count":0,"href":"https:\/\/www.rgequip.com\/index.php?rest_route=\/wp\/v2\/product\/9985\/revisions"}],"wp:featuredmedia":[{"embeddable":true,"href":"https:\/\/www.rgequip.com\/index.php?rest_route=\/wp\/v2\/media\/9989"}],"wp:attachment":[{"href":"https:\/\/www.rgequip.com\/index.php?rest_route=%2Fwp%2Fv2%2Fmedia&parent=9985"}],"wp:term":[{"taxonomy":"product_brand","embeddable":true,"href":"https:\/\/www.rgequip.com\/index.php?rest_route=%2Fwp%2Fv2%2Fproduct_brand&post=9985"},{"taxonomy":"product_cat","embeddable":true,"href":"https:\/\/www.rgequip.com\/index.php?rest_route=%2Fwp%2Fv2%2Fproduct_cat&post=9985"},{"taxonomy":"product_tag","embeddable":true,"href":"https:\/\/www.rgequip.com\/index.php?rest_route=%2Fwp%2Fv2%2Fproduct_tag&post=9985"}],"curies":[{"name":"wp","href":"https:\/\/api.w.org\/{rel}","templated":true}]}}