{"id":9972,"date":"2019-09-27T13:50:01","date_gmt":"2019-09-27T11:50:01","guid":{"rendered":"https:\/\/www.rgequip.com\/?post_type=product&#038;p=9972"},"modified":"2019-09-27T13:50:01","modified_gmt":"2019-09-27T11:50:01","slug":"conteneur-de-transport-daliments-30x28-cm","status":"publish","type":"product","link":"https:\/\/www.rgequip.com\/?product=conteneur-de-transport-daliments-30x28-cm","title":{"rendered":"Conteneur de transport d&#8217;aliments 30&#215;28 cm"},"content":{"rendered":"<p>Ce\u00a0<strong>conteneur isotherme<\/strong>\u00a0de\u00a0<strong>20 litres<\/strong>\u00a0vous permettra de transporter vos\u00a0<strong>pr\u00e9parations chaudes ou froides<\/strong>\u00a0sans risques de d\u00e9bordements. En effet, ce produit est \u00e9quip\u00e9 d&#8217;un\u00a0<strong>joint en silicone<\/strong>\u00a0pour l&#8217;\u00e9tanch\u00e9it\u00e9 et de\u00a0<strong>4 fermoirs herm\u00e9tiques<\/strong>.<\/p>\n<p>Cette marmite poss\u00e8de \u00e9galement des\u00a0<strong>parois doubl\u00e9es<\/strong>\u00a0qui vous garantissent une\u00a0<strong>bonne isolation<\/strong>\u00a0et\u00a0<strong>limite la perte de temp\u00e9rature\u00a0<\/strong>: environ 6\u00b0C par heure.<\/p>\n<p>&nbsp;<\/p>\n<p>Gr\u00e2ce \u00e0 la pr\u00e9sence de\u00a0<strong>2 poign\u00e9es lat\u00e9rales<\/strong>, d&#8217;une\u00a0<strong>poign\u00e9e centrale<\/strong>\u00a0sur le couvercle et d&#8217;une\u00a0<strong>grande anse<\/strong>, le transport et le transfert alimentaire se fera sans difficult\u00e9.<\/p>\n<p>&nbsp;<\/p>\n<p><strong>Caract\u00e9ristiques :<\/strong><\/p>\n<p>&nbsp;<\/p>\n<ul>\n<li>Acier au chrome-nickel 18\/10, bross\u00e9<\/li>\n<li>Volume : 20 L<\/li>\n<li>Doubles parois pour une bonne isolation<\/li>\n<li>Pertes thermiques : environ 6 \u00b0C \/ heure<\/li>\n<li>Couvercle avec 4 fermetures clipsables et joint en silicone<\/li>\n<li>1 poign\u00e9e de transport, 1 poign\u00e9e rabattable lat\u00e9rale<\/li>\n<li>Valve de ventilation<\/li>\n<li>Empilable<\/li>\n<li>Poids : 5.6 kg<\/li>\n<\/ul>\n","protected":false},"excerpt":{"rendered":"<p>Ce\u00a0conteneur isotherme\u00a0de\u00a020 litres\u00a0vous permettra de transporter vos\u00a0pr\u00e9parations chaudes ou froides\u00a0sans risques de d\u00e9bordements. En effet, ce produit est \u00e9quip\u00e9 d&#8217;un\u00a0joint<\/p>\n","protected":false},"featured_media":9974,"comment_status":"open","ping_status":"closed","template":"","meta":[],"product_brand":[],"product_cat":[313,340,299,309,337,355],"product_tag":[],"class_list":{"0":"post-9972","1":"product","2":"type-product","3":"status-publish","4":"has-post-thumbnail","6":"product_cat-maintien-chaud","7":"product_cat-accessoires-preparation","8":"product_cat-chariot-de-maintien-tc","9":"product_cat-conteneur-isotherme","10":"product_cat-preparation","11":"product_cat-ustensils","13":"first","14":"instock","15":"shipping-taxable","16":"product-type-simple"},"_links":{"self":[{"href":"https:\/\/www.rgequip.com\/index.php?rest_route=\/wp\/v2\/product\/9972","targetHints":{"allow":["GET"]}}],"collection":[{"href":"https:\/\/www.rgequip.com\/index.php?rest_route=\/wp\/v2\/product"}],"about":[{"href":"https:\/\/www.rgequip.com\/index.php?rest_route=\/wp\/v2\/types\/product"}],"replies":[{"embeddable":true,"href":"https:\/\/www.rgequip.com\/index.php?rest_route=%2Fwp%2Fv2%2Fcomments&post=9972"}],"version-history":[{"count":0,"href":"https:\/\/www.rgequip.com\/index.php?rest_route=\/wp\/v2\/product\/9972\/revisions"}],"wp:featuredmedia":[{"embeddable":true,"href":"https:\/\/www.rgequip.com\/index.php?rest_route=\/wp\/v2\/media\/9974"}],"wp:attachment":[{"href":"https:\/\/www.rgequip.com\/index.php?rest_route=%2Fwp%2Fv2%2Fmedia&parent=9972"}],"wp:term":[{"taxonomy":"product_brand","embeddable":true,"href":"https:\/\/www.rgequip.com\/index.php?rest_route=%2Fwp%2Fv2%2Fproduct_brand&post=9972"},{"taxonomy":"product_cat","embeddable":true,"href":"https:\/\/www.rgequip.com\/index.php?rest_route=%2Fwp%2Fv2%2Fproduct_cat&post=9972"},{"taxonomy":"product_tag","embeddable":true,"href":"https:\/\/www.rgequip.com\/index.php?rest_route=%2Fwp%2Fv2%2Fproduct_tag&post=9972"}],"curies":[{"name":"wp","href":"https:\/\/api.w.org\/{rel}","templated":true}]}}