{"id":9967,"date":"2019-09-27T13:33:47","date_gmt":"2019-09-27T11:33:47","guid":{"rendered":"https:\/\/www.rgequip.com\/?post_type=product&#038;p=9967"},"modified":"2019-09-27T13:37:25","modified_gmt":"2019-09-27T11:37:25","slug":"poele-en-inox-satine-32x55-cm","status":"publish","type":"product","link":"https:\/\/www.rgequip.com\/?product=poele-en-inox-satine-32x55-cm","title":{"rendered":"Po\u00e8le en inox satin\u00e9 32&#215;55 cm"},"content":{"rendered":"<p><span class=\"desc-label\">Description :<\/span><\/p>\n<p>Po\u00eale professionnelle de haute qualit\u00e9 en inox 18\/10 satin\u00e9.<\/p>\n<p>Grande r\u00e9sistance, compatible induction, poign\u00e9es froides, et bords verseurs.<\/p>\n<p>Capacit\u00e9 : 10L.<\/p>\n<p>* Convient \u00e0 la cuisson par induction * Poli miroir<\/p>\n","protected":false},"excerpt":{"rendered":"<p>Description : Po\u00eale professionnelle de haute qualit\u00e9 en inox 18\/10 satin\u00e9. Grande r\u00e9sistance, compatible induction, poign\u00e9es froides, et bords verseurs.<\/p>\n","protected":false},"featured_media":9948,"comment_status":"open","ping_status":"closed","template":"","meta":[],"product_brand":[],"product_cat":[337,340,354],"product_tag":[],"class_list":{"0":"post-9967","1":"product","2":"type-product","3":"status-publish","4":"has-post-thumbnail","6":"product_cat-preparation","7":"product_cat-accessoires-preparation","8":"product_cat-poeles","10":"first","11":"instock","12":"shipping-taxable","13":"product-type-simple"},"_links":{"self":[{"href":"https:\/\/www.rgequip.com\/index.php?rest_route=\/wp\/v2\/product\/9967","targetHints":{"allow":["GET"]}}],"collection":[{"href":"https:\/\/www.rgequip.com\/index.php?rest_route=\/wp\/v2\/product"}],"about":[{"href":"https:\/\/www.rgequip.com\/index.php?rest_route=\/wp\/v2\/types\/product"}],"replies":[{"embeddable":true,"href":"https:\/\/www.rgequip.com\/index.php?rest_route=%2Fwp%2Fv2%2Fcomments&post=9967"}],"version-history":[{"count":0,"href":"https:\/\/www.rgequip.com\/index.php?rest_route=\/wp\/v2\/product\/9967\/revisions"}],"wp:featuredmedia":[{"embeddable":true,"href":"https:\/\/www.rgequip.com\/index.php?rest_route=\/wp\/v2\/media\/9948"}],"wp:attachment":[{"href":"https:\/\/www.rgequip.com\/index.php?rest_route=%2Fwp%2Fv2%2Fmedia&parent=9967"}],"wp:term":[{"taxonomy":"product_brand","embeddable":true,"href":"https:\/\/www.rgequip.com\/index.php?rest_route=%2Fwp%2Fv2%2Fproduct_brand&post=9967"},{"taxonomy":"product_cat","embeddable":true,"href":"https:\/\/www.rgequip.com\/index.php?rest_route=%2Fwp%2Fv2%2Fproduct_cat&post=9967"},{"taxonomy":"product_tag","embeddable":true,"href":"https:\/\/www.rgequip.com\/index.php?rest_route=%2Fwp%2Fv2%2Fproduct_tag&post=9967"}],"curies":[{"name":"wp","href":"https:\/\/api.w.org\/{rel}","templated":true}]}}