{"id":9960,"date":"2019-09-27T13:19:12","date_gmt":"2019-09-27T11:19:12","guid":{"rendered":"https:\/\/www.rgequip.com\/?post_type=product&#038;p=9960"},"modified":"2019-09-27T13:19:12","modified_gmt":"2019-09-27T11:19:12","slug":"destructeur-dinsectes-avec-plaque-collante-120m%c2%b2","status":"publish","type":"product","link":"https:\/\/www.rgequip.com\/?product=destructeur-dinsectes-avec-plaque-collante-120m%c2%b2","title":{"rendered":"Destructeur  D&#8217;insectes Avec Plaque Collante &#8211; 120M\u00b2"},"content":{"rendered":"<p>Convient pour utilisation dans la cuisine.<br \/>\nConstruction en ABS ignifug\u00e9 avec le panneau arri\u00e8re en m\u00e9tal, convient pour la fixation murale.<br \/>\n1 tube fluorescente incassable UV-A de 36W.<br \/>\nPlaque collante \u00e0 l\u00b4arri\u00e8re pour capturer les insectes.<br \/>\nTube et plaque collante facile \u00e0 remplacer.<br \/>\nPort\u00e9e maximale: environ 120m2.<br \/>\nLivr\u00e9 avec une plaque collante (390x270mm).<\/p>\n","protected":false},"excerpt":{"rendered":"<p>Convient pour utilisation dans la cuisine. Construction en ABS ignifug\u00e9 avec le panneau arri\u00e8re en m\u00e9tal, convient pour la fixation<\/p>\n","protected":false},"featured_media":9961,"comment_status":"open","ping_status":"closed","template":"","meta":[],"product_brand":[],"product_cat":[392,402,395],"product_tag":[],"class_list":{"0":"post-9960","1":"product","2":"type-product","3":"status-publish","4":"has-post-thumbnail","6":"product_cat-laverie-hygiene","7":"product_cat-destructeur-dinsectes","8":"product_cat-hygiene","10":"first","11":"instock","12":"shipping-taxable","13":"product-type-simple"},"_links":{"self":[{"href":"https:\/\/www.rgequip.com\/index.php?rest_route=\/wp\/v2\/product\/9960","targetHints":{"allow":["GET"]}}],"collection":[{"href":"https:\/\/www.rgequip.com\/index.php?rest_route=\/wp\/v2\/product"}],"about":[{"href":"https:\/\/www.rgequip.com\/index.php?rest_route=\/wp\/v2\/types\/product"}],"replies":[{"embeddable":true,"href":"https:\/\/www.rgequip.com\/index.php?rest_route=%2Fwp%2Fv2%2Fcomments&post=9960"}],"version-history":[{"count":1,"href":"https:\/\/www.rgequip.com\/index.php?rest_route=\/wp\/v2\/product\/9960\/revisions"}],"predecessor-version":[{"id":18267,"href":"https:\/\/www.rgequip.com\/index.php?rest_route=\/wp\/v2\/product\/9960\/revisions\/18267"}],"wp:featuredmedia":[{"embeddable":true,"href":"https:\/\/www.rgequip.com\/index.php?rest_route=\/wp\/v2\/media\/9961"}],"wp:attachment":[{"href":"https:\/\/www.rgequip.com\/index.php?rest_route=%2Fwp%2Fv2%2Fmedia&parent=9960"}],"wp:term":[{"taxonomy":"product_brand","embeddable":true,"href":"https:\/\/www.rgequip.com\/index.php?rest_route=%2Fwp%2Fv2%2Fproduct_brand&post=9960"},{"taxonomy":"product_cat","embeddable":true,"href":"https:\/\/www.rgequip.com\/index.php?rest_route=%2Fwp%2Fv2%2Fproduct_cat&post=9960"},{"taxonomy":"product_tag","embeddable":true,"href":"https:\/\/www.rgequip.com\/index.php?rest_route=%2Fwp%2Fv2%2Fproduct_tag&post=9960"}],"curies":[{"name":"wp","href":"https:\/\/api.w.org\/{rel}","templated":true}]}}