{"id":9959,"date":"2019-09-27T13:14:58","date_gmt":"2019-09-27T11:14:58","guid":{"rendered":"https:\/\/www.rgequip.com\/?post_type=product&#038;p=9959"},"modified":"2019-09-27T13:14:58","modified_gmt":"2019-09-27T11:14:58","slug":"tube-de-25-w-pour-destructeur-dinsecte","status":"publish","type":"product","link":"https:\/\/www.rgequip.com\/?product=tube-de-25-w-pour-destructeur-dinsecte","title":{"rendered":"Tube de 25 W  Pour Destructeur d&#8217;Insecte"},"content":{"rendered":"<p>Le tube de 25W BLB 3U de haute qualit\u00e9 produit un lumi\u00e8re UV-A 100% invisible.<br \/>\nConstruction en ABS ignifug\u00e9.<\/p>\n","protected":false},"excerpt":{"rendered":"<p>Le tube de 25W BLB 3U de haute qualit\u00e9 produit un lumi\u00e8re UV-A 100% invisible. Construction en ABS ignifug\u00e9.<\/p>\n","protected":false},"featured_media":9698,"comment_status":"open","ping_status":"closed","template":"","meta":[],"product_brand":[],"product_cat":[392,402,395],"product_tag":[],"class_list":{"0":"post-9959","1":"product","2":"type-product","3":"status-publish","4":"has-post-thumbnail","6":"product_cat-laverie-hygiene","7":"product_cat-destructeur-dinsectes","8":"product_cat-hygiene","10":"first","11":"instock","12":"shipping-taxable","13":"product-type-simple"},"_links":{"self":[{"href":"https:\/\/www.rgequip.com\/index.php?rest_route=\/wp\/v2\/product\/9959","targetHints":{"allow":["GET"]}}],"collection":[{"href":"https:\/\/www.rgequip.com\/index.php?rest_route=\/wp\/v2\/product"}],"about":[{"href":"https:\/\/www.rgequip.com\/index.php?rest_route=\/wp\/v2\/types\/product"}],"replies":[{"embeddable":true,"href":"https:\/\/www.rgequip.com\/index.php?rest_route=%2Fwp%2Fv2%2Fcomments&post=9959"}],"version-history":[{"count":0,"href":"https:\/\/www.rgequip.com\/index.php?rest_route=\/wp\/v2\/product\/9959\/revisions"}],"wp:featuredmedia":[{"embeddable":true,"href":"https:\/\/www.rgequip.com\/index.php?rest_route=\/wp\/v2\/media\/9698"}],"wp:attachment":[{"href":"https:\/\/www.rgequip.com\/index.php?rest_route=%2Fwp%2Fv2%2Fmedia&parent=9959"}],"wp:term":[{"taxonomy":"product_brand","embeddable":true,"href":"https:\/\/www.rgequip.com\/index.php?rest_route=%2Fwp%2Fv2%2Fproduct_brand&post=9959"},{"taxonomy":"product_cat","embeddable":true,"href":"https:\/\/www.rgequip.com\/index.php?rest_route=%2Fwp%2Fv2%2Fproduct_cat&post=9959"},{"taxonomy":"product_tag","embeddable":true,"href":"https:\/\/www.rgequip.com\/index.php?rest_route=%2Fwp%2Fv2%2Fproduct_tag&post=9959"}],"curies":[{"name":"wp","href":"https:\/\/api.w.org\/{rel}","templated":true}]}}