{"id":9953,"date":"2019-09-27T13:00:44","date_gmt":"2019-09-27T11:00:44","guid":{"rendered":"https:\/\/www.rgequip.com\/?post_type=product&#038;p=9953"},"modified":"2019-10-01T15:20:18","modified_gmt":"2019-10-01T13:20:18","slug":"sauteuse-conique-sans-couvercle","status":"publish","type":"product","link":"https:\/\/www.rgequip.com\/?product=sauteuse-conique-sans-couvercle","title":{"rendered":"Sauteuse Conique &#8211; sans couvercle"},"content":{"rendered":"<ul class=\"remarklist\">\n<li class=\"red\">Finition ext\u00e9rieure poli satin\u00e9e avec collerette poli miroir<br \/>\nMontures soud\u00e9es sur plusieurs points, tr\u00e8s r\u00e9sistentes et garantie basse temp\u00e9rature.<br \/>\nR\u00e9sistant aux acides.<br \/>\nAussi, Fond sandwich (inox\/aluminium\/acier magn\u00e9tique) qui combine les propri\u00e9t\u00e9s d&#8217;aluminium, conduction de la chaleur, avec les propri\u00e9t\u00e9s de la durabilit\u00e9 et magnetisme d&#8217;inox.<br \/>\nDe m\u00eame, Le fond fait par une fusion sous haute pression, gr\u00e0ce \u00e0 laquelle les surfaces de differentes couches s&#8217;assemblent parfaitement: c&#8217;est la garantie pour la r\u00e9sistance \u00e0 la corrosion et une conduction de la chaleur optimale.<br \/>\nToutes les couvercles sont en inox d&#8217;une \u00e9paisseur de 1 mm avec un trou d&#8217;\u00e9chappement de vapeur.<\/li>\n<li class=\"purple\">Enfin, Queue en tube inox longue<\/li>\n<\/ul>\n","protected":false},"excerpt":{"rendered":"<p>Finition ext\u00e9rieure poli satin\u00e9e avec collerette poli miroir Montures soud\u00e9es sur plusieurs points, tr\u00e8s r\u00e9sistentes et garantie basse temp\u00e9rature. R\u00e9sistant<\/p>\n","protected":false},"featured_media":9955,"comment_status":"open","ping_status":"closed","template":"","meta":[],"product_brand":[],"product_cat":[340,354],"product_tag":[],"class_list":{"0":"post-9953","1":"product","2":"type-product","3":"status-publish","4":"has-post-thumbnail","6":"product_cat-accessoires-preparation","7":"product_cat-poeles","9":"first","10":"instock","11":"shipping-taxable","12":"product-type-simple"},"_links":{"self":[{"href":"https:\/\/www.rgequip.com\/index.php?rest_route=\/wp\/v2\/product\/9953","targetHints":{"allow":["GET"]}}],"collection":[{"href":"https:\/\/www.rgequip.com\/index.php?rest_route=\/wp\/v2\/product"}],"about":[{"href":"https:\/\/www.rgequip.com\/index.php?rest_route=\/wp\/v2\/types\/product"}],"replies":[{"embeddable":true,"href":"https:\/\/www.rgequip.com\/index.php?rest_route=%2Fwp%2Fv2%2Fcomments&post=9953"}],"version-history":[{"count":1,"href":"https:\/\/www.rgequip.com\/index.php?rest_route=\/wp\/v2\/product\/9953\/revisions"}],"predecessor-version":[{"id":10379,"href":"https:\/\/www.rgequip.com\/index.php?rest_route=\/wp\/v2\/product\/9953\/revisions\/10379"}],"wp:featuredmedia":[{"embeddable":true,"href":"https:\/\/www.rgequip.com\/index.php?rest_route=\/wp\/v2\/media\/9955"}],"wp:attachment":[{"href":"https:\/\/www.rgequip.com\/index.php?rest_route=%2Fwp%2Fv2%2Fmedia&parent=9953"}],"wp:term":[{"taxonomy":"product_brand","embeddable":true,"href":"https:\/\/www.rgequip.com\/index.php?rest_route=%2Fwp%2Fv2%2Fproduct_brand&post=9953"},{"taxonomy":"product_cat","embeddable":true,"href":"https:\/\/www.rgequip.com\/index.php?rest_route=%2Fwp%2Fv2%2Fproduct_cat&post=9953"},{"taxonomy":"product_tag","embeddable":true,"href":"https:\/\/www.rgequip.com\/index.php?rest_route=%2Fwp%2Fv2%2Fproduct_tag&post=9953"}],"curies":[{"name":"wp","href":"https:\/\/api.w.org\/{rel}","templated":true}]}}