{"id":9947,"date":"2019-09-27T13:09:43","date_gmt":"2019-09-27T11:09:43","guid":{"rendered":"https:\/\/www.rgequip.com\/?post_type=product&#038;p=9947"},"modified":"2019-09-27T13:09:44","modified_gmt":"2019-09-27T11:09:44","slug":"desinsectiseur-dinsectes","status":"publish","type":"product","link":"https:\/\/www.rgequip.com\/?product=desinsectiseur-dinsectes","title":{"rendered":"D\u00e9sinsectiseur D&#8217;Insectes"},"content":{"rendered":"<p>La source lumineuse provient de tubes fluorescents.<br \/>\nLes insectes meurent\u00a0 en touchant la grille d\u2019\u00e9lectrocution.<br \/>\nLes insectes volants\u00a0instantan\u00e9ment foudroy\u00e9s tombent dans un bac de r\u00e9cup\u00e9ration amovible au fond de l\u2019appareil.<\/p>\n","protected":false},"excerpt":{"rendered":"<p>La source lumineuse provient de tubes fluorescents. Les insectes meurent\u00a0 en touchant la grille d\u2019\u00e9lectrocution. Les insectes volants\u00a0instantan\u00e9ment foudroy\u00e9s tombent<\/p>\n","protected":false},"featured_media":9946,"comment_status":"open","ping_status":"closed","template":"","meta":[],"product_brand":[],"product_cat":[392,402,395],"product_tag":[],"class_list":{"0":"post-9947","1":"product","2":"type-product","3":"status-publish","4":"has-post-thumbnail","6":"product_cat-laverie-hygiene","7":"product_cat-destructeur-dinsectes","8":"product_cat-hygiene","10":"first","11":"instock","12":"shipping-taxable","13":"product-type-simple"},"_links":{"self":[{"href":"https:\/\/www.rgequip.com\/index.php?rest_route=\/wp\/v2\/product\/9947","targetHints":{"allow":["GET"]}}],"collection":[{"href":"https:\/\/www.rgequip.com\/index.php?rest_route=\/wp\/v2\/product"}],"about":[{"href":"https:\/\/www.rgequip.com\/index.php?rest_route=\/wp\/v2\/types\/product"}],"replies":[{"embeddable":true,"href":"https:\/\/www.rgequip.com\/index.php?rest_route=%2Fwp%2Fv2%2Fcomments&post=9947"}],"version-history":[{"count":0,"href":"https:\/\/www.rgequip.com\/index.php?rest_route=\/wp\/v2\/product\/9947\/revisions"}],"wp:featuredmedia":[{"embeddable":true,"href":"https:\/\/www.rgequip.com\/index.php?rest_route=\/wp\/v2\/media\/9946"}],"wp:attachment":[{"href":"https:\/\/www.rgequip.com\/index.php?rest_route=%2Fwp%2Fv2%2Fmedia&parent=9947"}],"wp:term":[{"taxonomy":"product_brand","embeddable":true,"href":"https:\/\/www.rgequip.com\/index.php?rest_route=%2Fwp%2Fv2%2Fproduct_brand&post=9947"},{"taxonomy":"product_cat","embeddable":true,"href":"https:\/\/www.rgequip.com\/index.php?rest_route=%2Fwp%2Fv2%2Fproduct_cat&post=9947"},{"taxonomy":"product_tag","embeddable":true,"href":"https:\/\/www.rgequip.com\/index.php?rest_route=%2Fwp%2Fv2%2Fproduct_tag&post=9947"}],"curies":[{"name":"wp","href":"https:\/\/api.w.org\/{rel}","templated":true}]}}