{"id":9939,"date":"2019-09-27T12:27:04","date_gmt":"2019-09-27T10:27:04","guid":{"rendered":"https:\/\/www.rgequip.com\/?post_type=product&#038;p=9939"},"modified":"2019-09-27T12:30:40","modified_gmt":"2019-09-27T10:30:40","slug":"bac-gastronorme-en-porcelaine-1-2","status":"publish","type":"product","link":"https:\/\/www.rgequip.com\/?product=bac-gastronorme-en-porcelaine-1-2","title":{"rendered":"Bac gastronorme en porcelaine 1\/2"},"content":{"rendered":"<h1 class=\"artikelgroupLink\">BAC GASTRONORME GN 1\/2<\/h1>\n<ul class=\"remarklist\">\n<li class=\"red\">Une porcelaine sp\u00e9ciale, la plus r\u00e9sistante disponible sur le march\u00e9.<br \/>\nR\u00e9sistant contre des grandes diff\u00e9rences de temp\u00e9rature.<br \/>\nTr\u00e8s r\u00e9sistante contre les chocs et l\u2019usure, mais avec un poids relativement l\u00e9ger.<br \/>\nBlanc pure et \u00e9clatant.<\/li>\n<\/ul>\n<div class=\"articlegroup_articlenumbers\"><\/div>\n","protected":false},"excerpt":{"rendered":"<p>BAC GASTRONORME GN 1\/2 Une porcelaine sp\u00e9ciale, la plus r\u00e9sistante disponible sur le march\u00e9. R\u00e9sistant contre des grandes diff\u00e9rences de<\/p>\n","protected":false},"featured_media":9941,"comment_status":"open","ping_status":"closed","template":"","meta":[],"product_brand":[],"product_cat":[337,345,338],"product_tag":[],"class_list":{"0":"post-9939","1":"product","2":"type-product","3":"status-publish","4":"has-post-thumbnail","6":"product_cat-preparation","7":"product_cat-bacs-gastronomes","8":"product_cat-plaques-bacs","10":"first","11":"instock","12":"shipping-taxable","13":"product-type-simple"},"_links":{"self":[{"href":"https:\/\/www.rgequip.com\/index.php?rest_route=\/wp\/v2\/product\/9939","targetHints":{"allow":["GET"]}}],"collection":[{"href":"https:\/\/www.rgequip.com\/index.php?rest_route=\/wp\/v2\/product"}],"about":[{"href":"https:\/\/www.rgequip.com\/index.php?rest_route=\/wp\/v2\/types\/product"}],"replies":[{"embeddable":true,"href":"https:\/\/www.rgequip.com\/index.php?rest_route=%2Fwp%2Fv2%2Fcomments&post=9939"}],"version-history":[{"count":0,"href":"https:\/\/www.rgequip.com\/index.php?rest_route=\/wp\/v2\/product\/9939\/revisions"}],"wp:featuredmedia":[{"embeddable":true,"href":"https:\/\/www.rgequip.com\/index.php?rest_route=\/wp\/v2\/media\/9941"}],"wp:attachment":[{"href":"https:\/\/www.rgequip.com\/index.php?rest_route=%2Fwp%2Fv2%2Fmedia&parent=9939"}],"wp:term":[{"taxonomy":"product_brand","embeddable":true,"href":"https:\/\/www.rgequip.com\/index.php?rest_route=%2Fwp%2Fv2%2Fproduct_brand&post=9939"},{"taxonomy":"product_cat","embeddable":true,"href":"https:\/\/www.rgequip.com\/index.php?rest_route=%2Fwp%2Fv2%2Fproduct_cat&post=9939"},{"taxonomy":"product_tag","embeddable":true,"href":"https:\/\/www.rgequip.com\/index.php?rest_route=%2Fwp%2Fv2%2Fproduct_tag&post=9939"}],"curies":[{"name":"wp","href":"https:\/\/api.w.org\/{rel}","templated":true}]}}