{"id":9930,"date":"2019-09-27T12:17:48","date_gmt":"2019-09-27T10:17:48","guid":{"rendered":"https:\/\/www.rgequip.com\/?post_type=product&#038;p=9930"},"modified":"2019-09-27T12:20:52","modified_gmt":"2019-09-27T10:20:52","slug":"chafing-dish-pied-65-x-47-x-45-cm","status":"publish","type":"product","link":"https:\/\/www.rgequip.com\/?product=chafing-dish-pied-65-x-47-x-45-cm","title":{"rendered":"Chafing Dish pied 65 x 47 x 45 cm"},"content":{"rendered":"<h1 class=\"artikelgroupLink\">CHAFING DISH<\/h1>\n<ul class=\"remarklist\">\n<li class=\"red\">Chauffe-plats pour buffet avec convercle roll top 180\u00b0 avec deux casseroles. En acier inoxydable brillant. Bain-marie. De m\u00eame, Avec deux br\u00fbleurs \u00e0 alcool et gel combustible. Enfin, l&#8217;alcool et la p\u00e2te de carburant ne sont pas inclus.<\/li>\n<\/ul>\n","protected":false},"excerpt":{"rendered":"<p>CHAFING DISH Chauffe-plats pour buffet avec convercle roll top 180\u00b0 avec deux casseroles. En acier inoxydable brillant. Bain-marie. De m\u00eame,<\/p>\n","protected":false},"featured_media":9932,"comment_status":"open","ping_status":"closed","template":"","meta":[],"product_brand":[],"product_cat":[313,306,298],"product_tag":[],"class_list":{"0":"post-9930","1":"product","2":"type-product","3":"status-publish","4":"has-post-thumbnail","6":"product_cat-maintien-chaud","7":"product_cat-a-poser","8":"product_cat-chafin-dish","10":"first","11":"instock","12":"shipping-taxable","13":"product-type-simple"},"_links":{"self":[{"href":"https:\/\/www.rgequip.com\/index.php?rest_route=\/wp\/v2\/product\/9930","targetHints":{"allow":["GET"]}}],"collection":[{"href":"https:\/\/www.rgequip.com\/index.php?rest_route=\/wp\/v2\/product"}],"about":[{"href":"https:\/\/www.rgequip.com\/index.php?rest_route=\/wp\/v2\/types\/product"}],"replies":[{"embeddable":true,"href":"https:\/\/www.rgequip.com\/index.php?rest_route=%2Fwp%2Fv2%2Fcomments&post=9930"}],"version-history":[{"count":0,"href":"https:\/\/www.rgequip.com\/index.php?rest_route=\/wp\/v2\/product\/9930\/revisions"}],"wp:featuredmedia":[{"embeddable":true,"href":"https:\/\/www.rgequip.com\/index.php?rest_route=\/wp\/v2\/media\/9932"}],"wp:attachment":[{"href":"https:\/\/www.rgequip.com\/index.php?rest_route=%2Fwp%2Fv2%2Fmedia&parent=9930"}],"wp:term":[{"taxonomy":"product_brand","embeddable":true,"href":"https:\/\/www.rgequip.com\/index.php?rest_route=%2Fwp%2Fv2%2Fproduct_brand&post=9930"},{"taxonomy":"product_cat","embeddable":true,"href":"https:\/\/www.rgequip.com\/index.php?rest_route=%2Fwp%2Fv2%2Fproduct_cat&post=9930"},{"taxonomy":"product_tag","embeddable":true,"href":"https:\/\/www.rgequip.com\/index.php?rest_route=%2Fwp%2Fv2%2Fproduct_tag&post=9930"}],"curies":[{"name":"wp","href":"https:\/\/api.w.org\/{rel}","templated":true}]}}