{"id":9912,"date":"2019-09-27T12:02:01","date_gmt":"2019-09-27T10:02:01","guid":{"rendered":"https:\/\/www.rgequip.com\/?post_type=product&#038;p=9912"},"modified":"2019-09-27T12:03:43","modified_gmt":"2019-09-27T10:03:43","slug":"chafing-dish-pied-or","status":"publish","type":"product","link":"https:\/\/www.rgequip.com\/?product=chafing-dish-pied-or","title":{"rendered":"Chafing Dish pied or"},"content":{"rendered":"<h1 class=\"artikelgroupLink\">CHAFING DISH GASTRONORME 1\/1<\/h1>\n<ul class=\"remarklist\">\n<li class=\"red\">Id\u00e9al pour buffets et traiteurs<\/li>\n<li class=\"purple\">Mod\u00e8le Economic<br \/>\nCouvercle et support de couvercle poli brillant<br \/>\nLivr\u00e9 avec des br\u00fbleurs et un bac inox profondeur 65 mm<br \/>\nConvient au bacs jusqu&#8217;\u00e0 65 mm de profondeur<\/li>\n<\/ul>\n","protected":false},"excerpt":{"rendered":"<p>CHAFING DISH GASTRONORME 1\/1 Id\u00e9al pour buffets et traiteurs Mod\u00e8le Economic Couvercle et support de couvercle poli brillant Livr\u00e9 avec<\/p>\n","protected":false},"featured_media":9913,"comment_status":"open","ping_status":"closed","template":"","meta":[],"product_brand":[],"product_cat":[313,306,298],"product_tag":[],"class_list":{"0":"post-9912","1":"product","2":"type-product","3":"status-publish","4":"has-post-thumbnail","6":"product_cat-maintien-chaud","7":"product_cat-a-poser","8":"product_cat-chafin-dish","10":"first","11":"instock","12":"shipping-taxable","13":"product-type-simple"},"_links":{"self":[{"href":"https:\/\/www.rgequip.com\/index.php?rest_route=\/wp\/v2\/product\/9912","targetHints":{"allow":["GET"]}}],"collection":[{"href":"https:\/\/www.rgequip.com\/index.php?rest_route=\/wp\/v2\/product"}],"about":[{"href":"https:\/\/www.rgequip.com\/index.php?rest_route=\/wp\/v2\/types\/product"}],"replies":[{"embeddable":true,"href":"https:\/\/www.rgequip.com\/index.php?rest_route=%2Fwp%2Fv2%2Fcomments&post=9912"}],"version-history":[{"count":0,"href":"https:\/\/www.rgequip.com\/index.php?rest_route=\/wp\/v2\/product\/9912\/revisions"}],"wp:featuredmedia":[{"embeddable":true,"href":"https:\/\/www.rgequip.com\/index.php?rest_route=\/wp\/v2\/media\/9913"}],"wp:attachment":[{"href":"https:\/\/www.rgequip.com\/index.php?rest_route=%2Fwp%2Fv2%2Fmedia&parent=9912"}],"wp:term":[{"taxonomy":"product_brand","embeddable":true,"href":"https:\/\/www.rgequip.com\/index.php?rest_route=%2Fwp%2Fv2%2Fproduct_brand&post=9912"},{"taxonomy":"product_cat","embeddable":true,"href":"https:\/\/www.rgequip.com\/index.php?rest_route=%2Fwp%2Fv2%2Fproduct_cat&post=9912"},{"taxonomy":"product_tag","embeddable":true,"href":"https:\/\/www.rgequip.com\/index.php?rest_route=%2Fwp%2Fv2%2Fproduct_tag&post=9912"}],"curies":[{"name":"wp","href":"https:\/\/api.w.org\/{rel}","templated":true}]}}