{"id":9911,"date":"2019-09-27T12:06:47","date_gmt":"2019-09-27T10:06:47","guid":{"rendered":"https:\/\/www.rgequip.com\/?post_type=product&#038;p=9911"},"modified":"2019-10-17T16:19:14","modified_gmt":"2019-10-17T14:19:14","slug":"destructeur-dinsectes-a-haute-tension","status":"publish","type":"product","link":"https:\/\/www.rgequip.com\/?product=destructeur-dinsectes-a-haute-tension","title":{"rendered":"DESTRUCTEUR D&#8217;INSECTES \u00c0 HAUTE TENSION"},"content":{"rendered":"<p>A utiliser \u00e0 l&#8217;int\u00e9rieur<br \/>\nCon\u00e7u en alliage d\u2019aluminium sp\u00e9cialement trait\u00e9 et en ABS plastique ignifuge pour une haute s\u00e9curit\u00e9<br \/>\nDe m\u00eame, il \u00e9lectrocute des insectes avec 2000 \u2013 2500 V<br \/>\nBac de r\u00e9cup\u00e9ration amovible, se nettoie facilement<br \/>\nS&#8217;installe au plafond avec une cha\u00eene ou debout.<\/p>\n","protected":false},"excerpt":{"rendered":"<p>A utiliser \u00e0 l&#8217;int\u00e9rieur Con\u00e7u en alliage d\u2019aluminium sp\u00e9cialement trait\u00e9 et en ABS plastique ignifuge pour une haute s\u00e9curit\u00e9 De<\/p>\n","protected":false},"featured_media":11340,"comment_status":"open","ping_status":"closed","template":"","meta":[],"product_brand":[],"product_cat":[392,402,395],"product_tag":[],"class_list":{"0":"post-9911","1":"product","2":"type-product","3":"status-publish","4":"has-post-thumbnail","6":"product_cat-laverie-hygiene","7":"product_cat-destructeur-dinsectes","8":"product_cat-hygiene","10":"first","11":"instock","12":"shipping-taxable","13":"product-type-simple"},"_links":{"self":[{"href":"https:\/\/www.rgequip.com\/index.php?rest_route=\/wp\/v2\/product\/9911","targetHints":{"allow":["GET"]}}],"collection":[{"href":"https:\/\/www.rgequip.com\/index.php?rest_route=\/wp\/v2\/product"}],"about":[{"href":"https:\/\/www.rgequip.com\/index.php?rest_route=\/wp\/v2\/types\/product"}],"replies":[{"embeddable":true,"href":"https:\/\/www.rgequip.com\/index.php?rest_route=%2Fwp%2Fv2%2Fcomments&post=9911"}],"version-history":[{"count":0,"href":"https:\/\/www.rgequip.com\/index.php?rest_route=\/wp\/v2\/product\/9911\/revisions"}],"wp:featuredmedia":[{"embeddable":true,"href":"https:\/\/www.rgequip.com\/index.php?rest_route=\/wp\/v2\/media\/11340"}],"wp:attachment":[{"href":"https:\/\/www.rgequip.com\/index.php?rest_route=%2Fwp%2Fv2%2Fmedia&parent=9911"}],"wp:term":[{"taxonomy":"product_brand","embeddable":true,"href":"https:\/\/www.rgequip.com\/index.php?rest_route=%2Fwp%2Fv2%2Fproduct_brand&post=9911"},{"taxonomy":"product_cat","embeddable":true,"href":"https:\/\/www.rgequip.com\/index.php?rest_route=%2Fwp%2Fv2%2Fproduct_cat&post=9911"},{"taxonomy":"product_tag","embeddable":true,"href":"https:\/\/www.rgequip.com\/index.php?rest_route=%2Fwp%2Fv2%2Fproduct_tag&post=9911"}],"curies":[{"name":"wp","href":"https:\/\/api.w.org\/{rel}","templated":true}]}}