{"id":9890,"date":"2019-09-27T11:56:50","date_gmt":"2019-09-27T09:56:50","guid":{"rendered":"https:\/\/www.rgequip.com\/?post_type=product&#038;p=9890"},"modified":"2019-09-27T11:56:50","modified_gmt":"2019-09-27T09:56:50","slug":"deshydrateur","status":"publish","type":"product","link":"https:\/\/www.rgequip.com\/?product=deshydrateur","title":{"rendered":"D\u00c9SHYDRATEUR"},"content":{"rendered":"<p>Pour s\u00e9cher des fruits, l\u00e9gumes, herbes, viande, poisson etc.<br \/>\nDes ventilateurs automatiques font circuler l&#8217;air chaud pour obtenir un r\u00e9sultat homog\u00e8ne.<br \/>\n\u00c9quip\u00e9 avec 6 ou 9 plateaux en inox de 330&#215;305 mm pouvant supporter 500 grammes d&#8217;aliments chacun.<br \/>\nDes plateaux espac\u00e9s uniform\u00e9ment avec des espaces de 35 mm et facile \u00e0 enlever et \u00e0 nettoyer.<br \/>\nInt\u00e9rieur de la chambre et la porte faits en mat\u00e9riau sans BPA.<br \/>\nVous pouvez surveiller le s\u00e9chage gr\u00e2ce \u00e0 la porte transparente.<br \/>\nLivr\u00e9 avec un tapis transparent qui peut \u00eatre utilis\u00e9 comme \u00e9gouttoir au fond du d\u00e9shydrateur ou pour faire du cuir de fruit.<br \/>\nTemp\u00e9rature r\u00e9glable de 35\u00b0 \u00e0 70\u00b0C.<\/p>\n","protected":false},"excerpt":{"rendered":"<p>Pour s\u00e9cher des fruits, l\u00e9gumes, herbes, viande, poisson etc. Des ventilateurs automatiques font circuler l&#8217;air chaud pour obtenir un r\u00e9sultat<\/p>\n","protected":false},"featured_media":9895,"comment_status":"open","ping_status":"closed","template":"","meta":[],"product_brand":[],"product_cat":[337,367,344],"product_tag":[],"class_list":{"0":"post-9890","1":"product","2":"type-product","3":"status-publish","4":"has-post-thumbnail","6":"product_cat-preparation","7":"product_cat-deshydrateur","8":"product_cat-travail-des-legumes","10":"first","11":"instock","12":"shipping-taxable","13":"product-type-simple"},"_links":{"self":[{"href":"https:\/\/www.rgequip.com\/index.php?rest_route=\/wp\/v2\/product\/9890","targetHints":{"allow":["GET"]}}],"collection":[{"href":"https:\/\/www.rgequip.com\/index.php?rest_route=\/wp\/v2\/product"}],"about":[{"href":"https:\/\/www.rgequip.com\/index.php?rest_route=\/wp\/v2\/types\/product"}],"replies":[{"embeddable":true,"href":"https:\/\/www.rgequip.com\/index.php?rest_route=%2Fwp%2Fv2%2Fcomments&post=9890"}],"version-history":[{"count":0,"href":"https:\/\/www.rgequip.com\/index.php?rest_route=\/wp\/v2\/product\/9890\/revisions"}],"wp:featuredmedia":[{"embeddable":true,"href":"https:\/\/www.rgequip.com\/index.php?rest_route=\/wp\/v2\/media\/9895"}],"wp:attachment":[{"href":"https:\/\/www.rgequip.com\/index.php?rest_route=%2Fwp%2Fv2%2Fmedia&parent=9890"}],"wp:term":[{"taxonomy":"product_brand","embeddable":true,"href":"https:\/\/www.rgequip.com\/index.php?rest_route=%2Fwp%2Fv2%2Fproduct_brand&post=9890"},{"taxonomy":"product_cat","embeddable":true,"href":"https:\/\/www.rgequip.com\/index.php?rest_route=%2Fwp%2Fv2%2Fproduct_cat&post=9890"},{"taxonomy":"product_tag","embeddable":true,"href":"https:\/\/www.rgequip.com\/index.php?rest_route=%2Fwp%2Fv2%2Fproduct_tag&post=9890"}],"curies":[{"name":"wp","href":"https:\/\/api.w.org\/{rel}","templated":true}]}}