{"id":9889,"date":"2019-09-27T11:56:13","date_gmt":"2019-09-27T09:56:13","guid":{"rendered":"https:\/\/www.rgequip.com\/?post_type=product&#038;p=9889"},"modified":"2019-09-27T11:56:13","modified_gmt":"2019-09-27T09:56:13","slug":"chafing-dish-gn-1-1-finition-poli-miroir","status":"publish","type":"product","link":"https:\/\/www.rgequip.com\/?product=chafing-dish-gn-1-1-finition-poli-miroir","title":{"rendered":"Chafing Dish GN 1\/1 Finition Poli miroir"},"content":{"rendered":"<ul class=\"remarklist\">\n<li class=\"red\">Id\u00e9al pour buffets et traiteurs.<br \/>\nCes chafing dishes donnent un attrait \u00e9l\u00e9gant \u00e0 vos plats, gr\u00e2ce \u00e0 l&#8217;utilisation de mat\u00e9riau de haute qualit\u00e9.<br \/>\nLes chafing dishes et les accessoires sont compl\u00e9tement fait en inox r\u00e9sistant.<\/li>\n<li class=\"purple\">Le couvercle est \u00e9quip\u00e9 d&#8217;un frein en friction et reste dans la position dans laquelle on l&#8217;a mis. Le couvercle est amovible afin de faciliter le nettoyage.<br \/>\nLivr\u00e9 avec une cuve d&#8217;eau amovible, un bac GN 1\/1 &#8211; profondeur 65 mm et 2 supports pour bo\u00eetes \u00e0 p\u00e2te combustible.<\/li>\n<\/ul>\n","protected":false},"excerpt":{"rendered":"<p>Id\u00e9al pour buffets et traiteurs. Ces chafing dishes donnent un attrait \u00e9l\u00e9gant \u00e0 vos plats, gr\u00e2ce \u00e0 l&#8217;utilisation de mat\u00e9riau<\/p>\n","protected":false},"featured_media":9894,"comment_status":"open","ping_status":"closed","template":"","meta":[],"product_brand":[],"product_cat":[313,306,298],"product_tag":[],"class_list":{"0":"post-9889","1":"product","2":"type-product","3":"status-publish","4":"has-post-thumbnail","6":"product_cat-maintien-chaud","7":"product_cat-a-poser","8":"product_cat-chafin-dish","10":"first","11":"instock","12":"shipping-taxable","13":"product-type-simple"},"_links":{"self":[{"href":"https:\/\/www.rgequip.com\/index.php?rest_route=\/wp\/v2\/product\/9889","targetHints":{"allow":["GET"]}}],"collection":[{"href":"https:\/\/www.rgequip.com\/index.php?rest_route=\/wp\/v2\/product"}],"about":[{"href":"https:\/\/www.rgequip.com\/index.php?rest_route=\/wp\/v2\/types\/product"}],"replies":[{"embeddable":true,"href":"https:\/\/www.rgequip.com\/index.php?rest_route=%2Fwp%2Fv2%2Fcomments&post=9889"}],"version-history":[{"count":0,"href":"https:\/\/www.rgequip.com\/index.php?rest_route=\/wp\/v2\/product\/9889\/revisions"}],"wp:featuredmedia":[{"embeddable":true,"href":"https:\/\/www.rgequip.com\/index.php?rest_route=\/wp\/v2\/media\/9894"}],"wp:attachment":[{"href":"https:\/\/www.rgequip.com\/index.php?rest_route=%2Fwp%2Fv2%2Fmedia&parent=9889"}],"wp:term":[{"taxonomy":"product_brand","embeddable":true,"href":"https:\/\/www.rgequip.com\/index.php?rest_route=%2Fwp%2Fv2%2Fproduct_brand&post=9889"},{"taxonomy":"product_cat","embeddable":true,"href":"https:\/\/www.rgequip.com\/index.php?rest_route=%2Fwp%2Fv2%2Fproduct_cat&post=9889"},{"taxonomy":"product_tag","embeddable":true,"href":"https:\/\/www.rgequip.com\/index.php?rest_route=%2Fwp%2Fv2%2Fproduct_tag&post=9889"}],"curies":[{"name":"wp","href":"https:\/\/api.w.org\/{rel}","templated":true}]}}