{"id":9884,"date":"2019-09-27T11:44:21","date_gmt":"2019-09-27T09:44:21","guid":{"rendered":"https:\/\/www.rgequip.com\/?post_type=product&#038;p=9884"},"modified":"2019-09-27T11:44:21","modified_gmt":"2019-09-27T09:44:21","slug":"poubelle-avec-pedale-78litre","status":"publish","type":"product","link":"https:\/\/www.rgequip.com\/?product=poubelle-avec-pedale-78litre","title":{"rendered":"Poubelle Avec P\u00e9dale 78Litre"},"content":{"rendered":"<p>Enti\u00e8rement en inox<br \/>\nDe plus son Couvercle \u00e9galement est en inox.<br \/>\nCapacit\u00e9 de 78 litres.<br \/>\nIndustriel<\/p>\n","protected":false},"excerpt":{"rendered":"<p>Enti\u00e8rement en inox De plus son Couvercle \u00e9galement est en inox. Capacit\u00e9 de 78 litres. Industriel<\/p>\n","protected":false},"featured_media":9883,"comment_status":"open","ping_status":"closed","template":"","meta":[],"product_brand":[],"product_cat":[392,395,405],"product_tag":[],"class_list":{"0":"post-9884","1":"product","2":"type-product","3":"status-publish","4":"has-post-thumbnail","6":"product_cat-laverie-hygiene","7":"product_cat-hygiene","8":"product_cat-poubelles","10":"first","11":"instock","12":"shipping-taxable","13":"product-type-simple"},"_links":{"self":[{"href":"https:\/\/www.rgequip.com\/index.php?rest_route=\/wp\/v2\/product\/9884","targetHints":{"allow":["GET"]}}],"collection":[{"href":"https:\/\/www.rgequip.com\/index.php?rest_route=\/wp\/v2\/product"}],"about":[{"href":"https:\/\/www.rgequip.com\/index.php?rest_route=\/wp\/v2\/types\/product"}],"replies":[{"embeddable":true,"href":"https:\/\/www.rgequip.com\/index.php?rest_route=%2Fwp%2Fv2%2Fcomments&post=9884"}],"version-history":[{"count":0,"href":"https:\/\/www.rgequip.com\/index.php?rest_route=\/wp\/v2\/product\/9884\/revisions"}],"wp:featuredmedia":[{"embeddable":true,"href":"https:\/\/www.rgequip.com\/index.php?rest_route=\/wp\/v2\/media\/9883"}],"wp:attachment":[{"href":"https:\/\/www.rgequip.com\/index.php?rest_route=%2Fwp%2Fv2%2Fmedia&parent=9884"}],"wp:term":[{"taxonomy":"product_brand","embeddable":true,"href":"https:\/\/www.rgequip.com\/index.php?rest_route=%2Fwp%2Fv2%2Fproduct_brand&post=9884"},{"taxonomy":"product_cat","embeddable":true,"href":"https:\/\/www.rgequip.com\/index.php?rest_route=%2Fwp%2Fv2%2Fproduct_cat&post=9884"},{"taxonomy":"product_tag","embeddable":true,"href":"https:\/\/www.rgequip.com\/index.php?rest_route=%2Fwp%2Fv2%2Fproduct_tag&post=9884"}],"curies":[{"name":"wp","href":"https:\/\/api.w.org\/{rel}","templated":true}]}}