{"id":9880,"date":"2019-09-27T11:40:21","date_gmt":"2019-09-27T09:40:21","guid":{"rendered":"https:\/\/www.rgequip.com\/?post_type=product&#038;p=9880"},"modified":"2019-09-27T11:42:56","modified_gmt":"2019-09-27T09:42:56","slug":"poubelle-avec-pedale","status":"publish","type":"product","link":"https:\/\/www.rgequip.com\/?product=poubelle-avec-pedale","title":{"rendered":"Poubelle Avec P\u00e9dale 64 Litres"},"content":{"rendered":"<p>Enti\u00e8rement en inox<br \/>\nDe plus son Couvercle \u00e9galement est en inox.<br \/>\nCapacit\u00e9 de 64 litres.<br \/>\nIndustriel<\/p>\n","protected":false},"excerpt":{"rendered":"<p>Enti\u00e8rement en inox De plus son Couvercle \u00e9galement est en inox. Capacit\u00e9 de 64 litres. Industriel<\/p>\n","protected":false},"featured_media":9883,"comment_status":"open","ping_status":"closed","template":"","meta":[],"product_brand":[],"product_cat":[392,395,405],"product_tag":[],"class_list":{"0":"post-9880","1":"product","2":"type-product","3":"status-publish","4":"has-post-thumbnail","6":"product_cat-laverie-hygiene","7":"product_cat-hygiene","8":"product_cat-poubelles","10":"first","11":"instock","12":"shipping-taxable","13":"product-type-simple"},"_links":{"self":[{"href":"https:\/\/www.rgequip.com\/index.php?rest_route=\/wp\/v2\/product\/9880","targetHints":{"allow":["GET"]}}],"collection":[{"href":"https:\/\/www.rgequip.com\/index.php?rest_route=\/wp\/v2\/product"}],"about":[{"href":"https:\/\/www.rgequip.com\/index.php?rest_route=\/wp\/v2\/types\/product"}],"replies":[{"embeddable":true,"href":"https:\/\/www.rgequip.com\/index.php?rest_route=%2Fwp%2Fv2%2Fcomments&post=9880"}],"version-history":[{"count":0,"href":"https:\/\/www.rgequip.com\/index.php?rest_route=\/wp\/v2\/product\/9880\/revisions"}],"wp:featuredmedia":[{"embeddable":true,"href":"https:\/\/www.rgequip.com\/index.php?rest_route=\/wp\/v2\/media\/9883"}],"wp:attachment":[{"href":"https:\/\/www.rgequip.com\/index.php?rest_route=%2Fwp%2Fv2%2Fmedia&parent=9880"}],"wp:term":[{"taxonomy":"product_brand","embeddable":true,"href":"https:\/\/www.rgequip.com\/index.php?rest_route=%2Fwp%2Fv2%2Fproduct_brand&post=9880"},{"taxonomy":"product_cat","embeddable":true,"href":"https:\/\/www.rgequip.com\/index.php?rest_route=%2Fwp%2Fv2%2Fproduct_cat&post=9880"},{"taxonomy":"product_tag","embeddable":true,"href":"https:\/\/www.rgequip.com\/index.php?rest_route=%2Fwp%2Fv2%2Fproduct_tag&post=9880"}],"curies":[{"name":"wp","href":"https:\/\/api.w.org\/{rel}","templated":true}]}}