{"id":9878,"date":"2019-09-27T11:39:27","date_gmt":"2019-09-27T09:39:27","guid":{"rendered":"https:\/\/www.rgequip.com\/?post_type=product&#038;p=9878"},"modified":"2019-09-27T11:39:27","modified_gmt":"2019-09-27T09:39:27","slug":"congelateur-bahut-430l-154x629x892-cm","status":"publish","type":"product","link":"https:\/\/www.rgequip.com\/?product=congelateur-bahut-430l-154x629x892-cm","title":{"rendered":"Cong\u00e9lateur BAHUT 430L 154x629x892 cm"},"content":{"rendered":"<p><span>Temp\u00e9rature: -15 \/ -25 \u00b0 C<\/span><br \/>\n<span>Dimensions ext\u00e9rieures cm: 154.8&#215;62.9&#215;89.2 cm<\/span><br \/>\n<span>Dimensions int\u00e9rieures: 143x51x66.3<\/span><br \/>\n<span>Capacit\u00e9 en\u00a0litres\u00a0: 430<\/span><br \/>\n<span>230Volts Puissance: 400 Watt<\/span><br \/>\n<span>Poids Kg: 85<\/span><\/p>\n","protected":false},"excerpt":{"rendered":"<p>Temp\u00e9rature: -15 \/ -25 \u00b0 C Dimensions ext\u00e9rieures cm: 154.8&#215;62.9&#215;89.2 cm Dimensions int\u00e9rieures: 143x51x66.3 Capacit\u00e9 en\u00a0litres\u00a0: 430 230Volts Puissance: 400<\/p>\n","protected":false},"featured_media":9881,"comment_status":"open","ping_status":"closed","template":"","meta":[],"product_brand":[],"product_cat":[268,277,269,273],"product_tag":[],"class_list":{"0":"post-9878","1":"product","2":"type-product","3":"status-publish","4":"has-post-thumbnail","6":"product_cat-froids","7":"product_cat-a-negatives","8":"product_cat-armoires","9":"product_cat-congelateurs","11":"first","12":"instock","13":"shipping-taxable","14":"product-type-simple"},"_links":{"self":[{"href":"https:\/\/www.rgequip.com\/index.php?rest_route=\/wp\/v2\/product\/9878","targetHints":{"allow":["GET"]}}],"collection":[{"href":"https:\/\/www.rgequip.com\/index.php?rest_route=\/wp\/v2\/product"}],"about":[{"href":"https:\/\/www.rgequip.com\/index.php?rest_route=\/wp\/v2\/types\/product"}],"replies":[{"embeddable":true,"href":"https:\/\/www.rgequip.com\/index.php?rest_route=%2Fwp%2Fv2%2Fcomments&post=9878"}],"version-history":[{"count":0,"href":"https:\/\/www.rgequip.com\/index.php?rest_route=\/wp\/v2\/product\/9878\/revisions"}],"wp:featuredmedia":[{"embeddable":true,"href":"https:\/\/www.rgequip.com\/index.php?rest_route=\/wp\/v2\/media\/9881"}],"wp:attachment":[{"href":"https:\/\/www.rgequip.com\/index.php?rest_route=%2Fwp%2Fv2%2Fmedia&parent=9878"}],"wp:term":[{"taxonomy":"product_brand","embeddable":true,"href":"https:\/\/www.rgequip.com\/index.php?rest_route=%2Fwp%2Fv2%2Fproduct_brand&post=9878"},{"taxonomy":"product_cat","embeddable":true,"href":"https:\/\/www.rgequip.com\/index.php?rest_route=%2Fwp%2Fv2%2Fproduct_cat&post=9878"},{"taxonomy":"product_tag","embeddable":true,"href":"https:\/\/www.rgequip.com\/index.php?rest_route=%2Fwp%2Fv2%2Fproduct_tag&post=9878"}],"curies":[{"name":"wp","href":"https:\/\/api.w.org\/{rel}","templated":true}]}}