{"id":9862,"date":"2019-09-27T11:29:51","date_gmt":"2019-09-27T09:29:51","guid":{"rendered":"https:\/\/www.rgequip.com\/?post_type=product&#038;p=9862"},"modified":"2019-09-27T11:32:56","modified_gmt":"2019-09-27T09:32:56","slug":"poubelle-inox-10-litre","status":"publish","type":"product","link":"https:\/\/www.rgequip.com\/?product=poubelle-inox-10-litre","title":{"rendered":"Poubelle inox 10 litre"},"content":{"rendered":"<p>Poubelle en inox &#8211;<\/p>\n<p>Capacit\u00e9 10 litres &#8211;<\/p>\n<p>Mobile sur roulettes pivotantes &#8211;<\/p>\n<p>Ouverture du couvercle \u00e0 p\u00e9dale &#8211;<\/p>\n<p>Fond \u00e9tanche<\/p>\n","protected":false},"excerpt":{"rendered":"<p>Poubelle en inox &#8211; Capacit\u00e9 10 litres &#8211; Mobile sur roulettes pivotantes &#8211; Ouverture du couvercle \u00e0 p\u00e9dale &#8211; Fond<\/p>\n","protected":false},"featured_media":9876,"comment_status":"open","ping_status":"closed","template":"","meta":[],"product_brand":[],"product_cat":[392,395,405],"product_tag":[],"class_list":{"0":"post-9862","1":"product","2":"type-product","3":"status-publish","4":"has-post-thumbnail","6":"product_cat-laverie-hygiene","7":"product_cat-hygiene","8":"product_cat-poubelles","10":"first","11":"instock","12":"shipping-taxable","13":"product-type-simple"},"_links":{"self":[{"href":"https:\/\/www.rgequip.com\/index.php?rest_route=\/wp\/v2\/product\/9862","targetHints":{"allow":["GET"]}}],"collection":[{"href":"https:\/\/www.rgequip.com\/index.php?rest_route=\/wp\/v2\/product"}],"about":[{"href":"https:\/\/www.rgequip.com\/index.php?rest_route=\/wp\/v2\/types\/product"}],"replies":[{"embeddable":true,"href":"https:\/\/www.rgequip.com\/index.php?rest_route=%2Fwp%2Fv2%2Fcomments&post=9862"}],"version-history":[{"count":0,"href":"https:\/\/www.rgequip.com\/index.php?rest_route=\/wp\/v2\/product\/9862\/revisions"}],"wp:featuredmedia":[{"embeddable":true,"href":"https:\/\/www.rgequip.com\/index.php?rest_route=\/wp\/v2\/media\/9876"}],"wp:attachment":[{"href":"https:\/\/www.rgequip.com\/index.php?rest_route=%2Fwp%2Fv2%2Fmedia&parent=9862"}],"wp:term":[{"taxonomy":"product_brand","embeddable":true,"href":"https:\/\/www.rgequip.com\/index.php?rest_route=%2Fwp%2Fv2%2Fproduct_brand&post=9862"},{"taxonomy":"product_cat","embeddable":true,"href":"https:\/\/www.rgequip.com\/index.php?rest_route=%2Fwp%2Fv2%2Fproduct_cat&post=9862"},{"taxonomy":"product_tag","embeddable":true,"href":"https:\/\/www.rgequip.com\/index.php?rest_route=%2Fwp%2Fv2%2Fproduct_tag&post=9862"}],"curies":[{"name":"wp","href":"https:\/\/api.w.org\/{rel}","templated":true}]}}