{"id":9827,"date":"2019-09-26T19:21:44","date_gmt":"2019-09-26T17:21:44","guid":{"rendered":"https:\/\/www.rgequip.com\/?post_type=product&#038;p=9827"},"modified":"2019-09-26T19:21:44","modified_gmt":"2019-09-26T17:21:44","slug":"poubelle-inox-sur-roulette","status":"publish","type":"product","link":"https:\/\/www.rgequip.com\/?product=poubelle-inox-sur-roulette","title":{"rendered":"Poubelle Inox Sur Roulette"},"content":{"rendered":"<p>Enti\u00e8rement fabriqu\u00e9es en acier inoxydable.<br \/>\nPermettent de stocker et transporter n&#8217;importe quel produit. Elles sont id\u00e9ales pour d\u00e9barrasser la vaisselle dans les zones de lavage ou sur les tables de pr\u00e9paration des aliments pour ramasser les d\u00e9chets.<br \/>\nPourvues de poign\u00e9es et couvercles avec maintien.<br \/>\n4 roulettes pivotantes rev\u00eatues de caoutchouc insonorisant.<br \/>\n* Avec couvercle<br \/>\n* 4 roues<\/p>\n","protected":false},"excerpt":{"rendered":"<p>Enti\u00e8rement fabriqu\u00e9es en acier inoxydable. Permettent de stocker et transporter n&#8217;importe quel produit. Elles sont id\u00e9ales pour d\u00e9barrasser la vaisselle<\/p>\n","protected":false},"featured_media":9828,"comment_status":"open","ping_status":"closed","template":"","meta":[],"product_brand":[],"product_cat":[392,395,405],"product_tag":[],"class_list":{"0":"post-9827","1":"product","2":"type-product","3":"status-publish","4":"has-post-thumbnail","6":"product_cat-laverie-hygiene","7":"product_cat-hygiene","8":"product_cat-poubelles","10":"first","11":"instock","12":"shipping-taxable","13":"product-type-simple"},"_links":{"self":[{"href":"https:\/\/www.rgequip.com\/index.php?rest_route=\/wp\/v2\/product\/9827","targetHints":{"allow":["GET"]}}],"collection":[{"href":"https:\/\/www.rgequip.com\/index.php?rest_route=\/wp\/v2\/product"}],"about":[{"href":"https:\/\/www.rgequip.com\/index.php?rest_route=\/wp\/v2\/types\/product"}],"replies":[{"embeddable":true,"href":"https:\/\/www.rgequip.com\/index.php?rest_route=%2Fwp%2Fv2%2Fcomments&post=9827"}],"version-history":[{"count":0,"href":"https:\/\/www.rgequip.com\/index.php?rest_route=\/wp\/v2\/product\/9827\/revisions"}],"wp:featuredmedia":[{"embeddable":true,"href":"https:\/\/www.rgequip.com\/index.php?rest_route=\/wp\/v2\/media\/9828"}],"wp:attachment":[{"href":"https:\/\/www.rgequip.com\/index.php?rest_route=%2Fwp%2Fv2%2Fmedia&parent=9827"}],"wp:term":[{"taxonomy":"product_brand","embeddable":true,"href":"https:\/\/www.rgequip.com\/index.php?rest_route=%2Fwp%2Fv2%2Fproduct_brand&post=9827"},{"taxonomy":"product_cat","embeddable":true,"href":"https:\/\/www.rgequip.com\/index.php?rest_route=%2Fwp%2Fv2%2Fproduct_cat&post=9827"},{"taxonomy":"product_tag","embeddable":true,"href":"https:\/\/www.rgequip.com\/index.php?rest_route=%2Fwp%2Fv2%2Fproduct_tag&post=9827"}],"curies":[{"name":"wp","href":"https:\/\/api.w.org\/{rel}","templated":true}]}}