{"id":9823,"date":"2019-09-26T19:07:22","date_gmt":"2019-09-26T17:07:22","guid":{"rendered":"https:\/\/www.rgequip.com\/?post_type=product&#038;p=9823"},"modified":"2021-06-18T10:57:19","modified_gmt":"2021-06-18T08:57:19","slug":"chariot-de-service-2-niveaux","status":"publish","type":"product","link":"https:\/\/www.rgequip.com\/?product=chariot-de-service-2-niveaux","title":{"rendered":"Chariot de service 2 NIVEAUX"},"content":{"rendered":"<p><span>\u00a0Double \u00e9tage<\/span><br \/>\n<span>* D\u00e9montable<br \/>\nAvec des roues solides garantissant une fluidit\u00e9 du transport et un bruit minimal<\/span><\/p>\n","protected":false},"excerpt":{"rendered":"<p>\u00a0Double \u00e9tage * D\u00e9montable Avec des roues solides garantissant une fluidit\u00e9 du transport et un bruit minimal<\/p>\n","protected":false},"featured_media":9824,"comment_status":"open","ping_status":"closed","template":"","meta":[],"product_brand":[],"product_cat":[406,407],"product_tag":[],"class_list":{"0":"post-9823","1":"product","2":"type-product","3":"status-publish","4":"has-post-thumbnail","6":"product_cat-autres-inox","7":"product_cat-chariot","9":"first","10":"instock","11":"shipping-taxable","12":"product-type-simple"},"_links":{"self":[{"href":"https:\/\/www.rgequip.com\/index.php?rest_route=\/wp\/v2\/product\/9823","targetHints":{"allow":["GET"]}}],"collection":[{"href":"https:\/\/www.rgequip.com\/index.php?rest_route=\/wp\/v2\/product"}],"about":[{"href":"https:\/\/www.rgequip.com\/index.php?rest_route=\/wp\/v2\/types\/product"}],"replies":[{"embeddable":true,"href":"https:\/\/www.rgequip.com\/index.php?rest_route=%2Fwp%2Fv2%2Fcomments&post=9823"}],"version-history":[{"count":0,"href":"https:\/\/www.rgequip.com\/index.php?rest_route=\/wp\/v2\/product\/9823\/revisions"}],"wp:featuredmedia":[{"embeddable":true,"href":"https:\/\/www.rgequip.com\/index.php?rest_route=\/wp\/v2\/media\/9824"}],"wp:attachment":[{"href":"https:\/\/www.rgequip.com\/index.php?rest_route=%2Fwp%2Fv2%2Fmedia&parent=9823"}],"wp:term":[{"taxonomy":"product_brand","embeddable":true,"href":"https:\/\/www.rgequip.com\/index.php?rest_route=%2Fwp%2Fv2%2Fproduct_brand&post=9823"},{"taxonomy":"product_cat","embeddable":true,"href":"https:\/\/www.rgequip.com\/index.php?rest_route=%2Fwp%2Fv2%2Fproduct_cat&post=9823"},{"taxonomy":"product_tag","embeddable":true,"href":"https:\/\/www.rgequip.com\/index.php?rest_route=%2Fwp%2Fv2%2Fproduct_tag&post=9823"}],"curies":[{"name":"wp","href":"https:\/\/api.w.org\/{rel}","templated":true}]}}