{"id":9814,"date":"2019-09-26T18:52:53","date_gmt":"2019-09-26T16:52:53","guid":{"rendered":"https:\/\/www.rgequip.com\/?post_type=product&#038;p=9814"},"modified":"2019-09-26T18:52:54","modified_gmt":"2019-09-26T16:52:54","slug":"gaufrier-professionnel-electrique-double","status":"publish","type":"product","link":"https:\/\/www.rgequip.com\/?product=gaufrier-professionnel-electrique-double","title":{"rendered":"Gaufrier professionnel \u00e9lectrique double"},"content":{"rendered":"<p>\u00c9quip\u00e9 de deux moules en fonte brute\u00a0ayant chacun une\u00a0empreinte ronde de 185 mm de diam\u00e8tre<br \/>\nLa gaufre ronde\u00a0bien dor\u00e9e se cuit\u00a0\u00e0 230\u00b0C en 2\u201930 minutes<br \/>\nLes\u00a0plaques en fonte brute de ce gaufrier professionnel fixes<br \/>\n<b><\/p>\n<p><\/b><\/p>\n","protected":false},"excerpt":{"rendered":"<p>\u00c9quip\u00e9 de deux moules en fonte brute\u00a0ayant chacun une\u00a0empreinte ronde de 185 mm de diam\u00e8tre La gaufre ronde\u00a0bien dor\u00e9e se<\/p>\n","protected":false},"featured_media":9818,"comment_status":"open","ping_status":"closed","template":"","meta":[],"product_brand":[],"product_cat":[226,234,258],"product_tag":[],"class_list":{"0":"post-9814","1":"product","2":"type-product","3":"status-publish","4":"has-post-thumbnail","6":"product_cat-cuisson","7":"product_cat-fun-food","8":"product_cat-gaufriers","10":"first","11":"instock","12":"shipping-taxable","13":"product-type-simple"},"_links":{"self":[{"href":"https:\/\/www.rgequip.com\/index.php?rest_route=\/wp\/v2\/product\/9814","targetHints":{"allow":["GET"]}}],"collection":[{"href":"https:\/\/www.rgequip.com\/index.php?rest_route=\/wp\/v2\/product"}],"about":[{"href":"https:\/\/www.rgequip.com\/index.php?rest_route=\/wp\/v2\/types\/product"}],"replies":[{"embeddable":true,"href":"https:\/\/www.rgequip.com\/index.php?rest_route=%2Fwp%2Fv2%2Fcomments&post=9814"}],"version-history":[{"count":0,"href":"https:\/\/www.rgequip.com\/index.php?rest_route=\/wp\/v2\/product\/9814\/revisions"}],"wp:featuredmedia":[{"embeddable":true,"href":"https:\/\/www.rgequip.com\/index.php?rest_route=\/wp\/v2\/media\/9818"}],"wp:attachment":[{"href":"https:\/\/www.rgequip.com\/index.php?rest_route=%2Fwp%2Fv2%2Fmedia&parent=9814"}],"wp:term":[{"taxonomy":"product_brand","embeddable":true,"href":"https:\/\/www.rgequip.com\/index.php?rest_route=%2Fwp%2Fv2%2Fproduct_brand&post=9814"},{"taxonomy":"product_cat","embeddable":true,"href":"https:\/\/www.rgequip.com\/index.php?rest_route=%2Fwp%2Fv2%2Fproduct_cat&post=9814"},{"taxonomy":"product_tag","embeddable":true,"href":"https:\/\/www.rgequip.com\/index.php?rest_route=%2Fwp%2Fv2%2Fproduct_tag&post=9814"}],"curies":[{"name":"wp","href":"https:\/\/api.w.org\/{rel}","templated":true}]}}