{"id":9811,"date":"2019-09-26T18:46:06","date_gmt":"2019-09-26T16:46:06","guid":{"rendered":"https:\/\/www.rgequip.com\/?post_type=product&#038;p=9811"},"modified":"2019-10-03T18:39:43","modified_gmt":"2019-10-03T16:39:43","slug":"gaufrier-electrique","status":"publish","type":"product","link":"https:\/\/www.rgequip.com\/?product=gaufrier-electrique","title":{"rendered":"GAUFRIER \u00c9LECTRIQUE"},"content":{"rendered":"<p>Gaufres de Li\u00e8ge, motif rectangulaire de deux fois 4&#215;6.<br \/>\nPlaques \u00e0 cuisson en fonte avec couche anti-adh\u00e9sif<br \/>\nR\u00e9gulation temp\u00e9rature thermostatique.<br \/>\nPoign\u00e9e isol\u00e9e.<br \/>\nLivr\u00e9 avec une fourchette \u00e0 gaufres.<\/p>\n","protected":false},"excerpt":{"rendered":"<p>Gaufres de Li\u00e8ge, motif rectangulaire de deux fois 4&#215;6. Plaques \u00e0 cuisson en fonte avec couche anti-adh\u00e9sif R\u00e9gulation temp\u00e9rature thermostatique.<\/p>\n","protected":false},"featured_media":10547,"comment_status":"open","ping_status":"closed","template":"","meta":[],"product_brand":[],"product_cat":[226,234,258],"product_tag":[],"class_list":{"0":"post-9811","1":"product","2":"type-product","3":"status-publish","4":"has-post-thumbnail","6":"product_cat-cuisson","7":"product_cat-fun-food","8":"product_cat-gaufriers","10":"first","11":"instock","12":"shipping-taxable","13":"product-type-simple"},"_links":{"self":[{"href":"https:\/\/www.rgequip.com\/index.php?rest_route=\/wp\/v2\/product\/9811","targetHints":{"allow":["GET"]}}],"collection":[{"href":"https:\/\/www.rgequip.com\/index.php?rest_route=\/wp\/v2\/product"}],"about":[{"href":"https:\/\/www.rgequip.com\/index.php?rest_route=\/wp\/v2\/types\/product"}],"replies":[{"embeddable":true,"href":"https:\/\/www.rgequip.com\/index.php?rest_route=%2Fwp%2Fv2%2Fcomments&post=9811"}],"version-history":[{"count":0,"href":"https:\/\/www.rgequip.com\/index.php?rest_route=\/wp\/v2\/product\/9811\/revisions"}],"wp:featuredmedia":[{"embeddable":true,"href":"https:\/\/www.rgequip.com\/index.php?rest_route=\/wp\/v2\/media\/10547"}],"wp:attachment":[{"href":"https:\/\/www.rgequip.com\/index.php?rest_route=%2Fwp%2Fv2%2Fmedia&parent=9811"}],"wp:term":[{"taxonomy":"product_brand","embeddable":true,"href":"https:\/\/www.rgequip.com\/index.php?rest_route=%2Fwp%2Fv2%2Fproduct_brand&post=9811"},{"taxonomy":"product_cat","embeddable":true,"href":"https:\/\/www.rgequip.com\/index.php?rest_route=%2Fwp%2Fv2%2Fproduct_cat&post=9811"},{"taxonomy":"product_tag","embeddable":true,"href":"https:\/\/www.rgequip.com\/index.php?rest_route=%2Fwp%2Fv2%2Fproduct_tag&post=9811"}],"curies":[{"name":"wp","href":"https:\/\/api.w.org\/{rel}","templated":true}]}}