{"id":9809,"date":"2019-09-26T18:43:13","date_gmt":"2019-09-26T16:43:13","guid":{"rendered":"https:\/\/www.rgequip.com\/?post_type=product&#038;p=9809"},"modified":"2019-10-14T15:57:12","modified_gmt":"2019-10-14T13:57:12","slug":"bouilloire-electrique-17l","status":"publish","type":"product","link":"https:\/\/www.rgequip.com\/?product=bouilloire-electrique-17l","title":{"rendered":"Bouilloire Electrique 1,7L"},"content":{"rendered":"<p>Bouilloire \u00e9lectrique en acier inox.<br \/>\nArr\u00eat automatique une fois la temp\u00e9rature d\u2019\u00e9bullition atteinte-<br \/>\ndeux niveaux de puissance &#8211; contenance du r\u00e9servoir 1,7 l.<br \/>\nniveau d\u2019eau visible &#8211; base en plastique.<\/p>\n","protected":false},"excerpt":{"rendered":"<p>Bouilloire \u00e9lectrique en acier inox. Arr\u00eat automatique une fois la temp\u00e9rature d\u2019\u00e9bullition atteinte- deux niveaux de puissance &#8211; contenance du<\/p>\n","protected":false},"featured_media":11097,"comment_status":"open","ping_status":"closed","template":"","meta":[],"product_brand":[],"product_cat":[314,336],"product_tag":[],"class_list":{"0":"post-9809","1":"product","2":"type-product","3":"status-publish","4":"has-post-thumbnail","6":"product_cat-cafe-bar","7":"product_cat-distributeur-eau-chaude","9":"first","10":"instock","11":"shipping-taxable","12":"product-type-simple"},"_links":{"self":[{"href":"https:\/\/www.rgequip.com\/index.php?rest_route=\/wp\/v2\/product\/9809","targetHints":{"allow":["GET"]}}],"collection":[{"href":"https:\/\/www.rgequip.com\/index.php?rest_route=\/wp\/v2\/product"}],"about":[{"href":"https:\/\/www.rgequip.com\/index.php?rest_route=\/wp\/v2\/types\/product"}],"replies":[{"embeddable":true,"href":"https:\/\/www.rgequip.com\/index.php?rest_route=%2Fwp%2Fv2%2Fcomments&post=9809"}],"version-history":[{"count":0,"href":"https:\/\/www.rgequip.com\/index.php?rest_route=\/wp\/v2\/product\/9809\/revisions"}],"wp:featuredmedia":[{"embeddable":true,"href":"https:\/\/www.rgequip.com\/index.php?rest_route=\/wp\/v2\/media\/11097"}],"wp:attachment":[{"href":"https:\/\/www.rgequip.com\/index.php?rest_route=%2Fwp%2Fv2%2Fmedia&parent=9809"}],"wp:term":[{"taxonomy":"product_brand","embeddable":true,"href":"https:\/\/www.rgequip.com\/index.php?rest_route=%2Fwp%2Fv2%2Fproduct_brand&post=9809"},{"taxonomy":"product_cat","embeddable":true,"href":"https:\/\/www.rgequip.com\/index.php?rest_route=%2Fwp%2Fv2%2Fproduct_cat&post=9809"},{"taxonomy":"product_tag","embeddable":true,"href":"https:\/\/www.rgequip.com\/index.php?rest_route=%2Fwp%2Fv2%2Fproduct_tag&post=9809"}],"curies":[{"name":"wp","href":"https:\/\/api.w.org\/{rel}","templated":true}]}}