{"id":9805,"date":"2019-09-26T18:35:41","date_gmt":"2019-09-26T16:35:41","guid":{"rendered":"https:\/\/www.rgequip.com\/?post_type=product&#038;p=9805"},"modified":"2019-10-03T19:06:04","modified_gmt":"2019-10-03T17:06:04","slug":"friteuse-26-l","status":"publish","type":"product","link":"https:\/\/www.rgequip.com\/?product=friteuse-26-l","title":{"rendered":"FRITEUSE 2*6 L"},"content":{"rendered":"<p>Structure en acier.<br \/>\nR\u00e9servoir d&#8217;huile en acier.<br \/>\n\u00c9l\u00e9ment amovible avec une fonction de d\u00e9sarmement lors de son retrait.<br \/>\nConteneur amovible, pour un meilleur nettoyage.<br \/>\nT\u00e9moin de contr\u00f4le indiquant le fonctionnement en r\u00e9sistance.<br \/>\nLa temp\u00e9rature est r\u00e9glable jusqu&#8217;\u00e0 190 \u00b0 C.<br \/>\nUn thermostat de s\u00e9curit\u00e9 \u00e9vite la surchauffe de la friteuse.<br \/>\nPanier \u00e0 frire avec un manche Isolate et extra long.<br \/>\nZone froide pour conserver l&#8217;huile de friture.<br \/>\nFourni avec des paniers et des couvercles.<\/p>\n","protected":false},"excerpt":{"rendered":"<p>Structure en acier. R\u00e9servoir d&#8217;huile en acier. \u00c9l\u00e9ment amovible avec une fonction de d\u00e9sarmement lors de son retrait. Conteneur amovible,<\/p>\n","protected":false},"featured_media":10548,"comment_status":"open","ping_status":"closed","template":"","meta":[],"product_brand":[],"product_cat":[226,256,233],"product_tag":[],"class_list":{"0":"post-9805","1":"product","2":"type-product","3":"status-publish","4":"has-post-thumbnail","6":"product_cat-cuisson","7":"product_cat-f-electrique","8":"product_cat-friteuses","10":"first","11":"instock","12":"shipping-taxable","13":"product-type-simple"},"_links":{"self":[{"href":"https:\/\/www.rgequip.com\/index.php?rest_route=\/wp\/v2\/product\/9805","targetHints":{"allow":["GET"]}}],"collection":[{"href":"https:\/\/www.rgequip.com\/index.php?rest_route=\/wp\/v2\/product"}],"about":[{"href":"https:\/\/www.rgequip.com\/index.php?rest_route=\/wp\/v2\/types\/product"}],"replies":[{"embeddable":true,"href":"https:\/\/www.rgequip.com\/index.php?rest_route=%2Fwp%2Fv2%2Fcomments&post=9805"}],"version-history":[{"count":0,"href":"https:\/\/www.rgequip.com\/index.php?rest_route=\/wp\/v2\/product\/9805\/revisions"}],"wp:featuredmedia":[{"embeddable":true,"href":"https:\/\/www.rgequip.com\/index.php?rest_route=\/wp\/v2\/media\/10548"}],"wp:attachment":[{"href":"https:\/\/www.rgequip.com\/index.php?rest_route=%2Fwp%2Fv2%2Fmedia&parent=9805"}],"wp:term":[{"taxonomy":"product_brand","embeddable":true,"href":"https:\/\/www.rgequip.com\/index.php?rest_route=%2Fwp%2Fv2%2Fproduct_brand&post=9805"},{"taxonomy":"product_cat","embeddable":true,"href":"https:\/\/www.rgequip.com\/index.php?rest_route=%2Fwp%2Fv2%2Fproduct_cat&post=9805"},{"taxonomy":"product_tag","embeddable":true,"href":"https:\/\/www.rgequip.com\/index.php?rest_route=%2Fwp%2Fv2%2Fproduct_tag&post=9805"}],"curies":[{"name":"wp","href":"https:\/\/api.w.org\/{rel}","templated":true}]}}