{"id":9802,"date":"2019-09-26T18:15:40","date_gmt":"2019-09-26T16:15:40","guid":{"rendered":"https:\/\/www.rgequip.com\/?post_type=product&#038;p=9802"},"modified":"2019-09-26T18:17:34","modified_gmt":"2019-09-26T16:17:34","slug":"poele-anti-adhesive-en-aluminium-elegance-36-cm","status":"publish","type":"product","link":"https:\/\/www.rgequip.com\/?product=poele-anti-adhesive-en-aluminium-elegance-36-cm","title":{"rendered":"Po\u00eale Anti-Adh\u00e9sive En Aluminium Elegance 36 cm"},"content":{"rendered":"<ul class=\"a-unordered-list a-vertical a-spacing-none\">\n<li><span class=\"a-list-item\">Le rev\u00eatement TITANIUM FORCE, sans PFOA, sans Cadmium dure jusqu&#8217;\u00e0 2x plus longtemps et facilite le nettoyage<\/span><\/li>\n<li><span class=\"a-list-item\">Le rev\u00eatement antiadh\u00e9sif de haute qualit\u00e9 offre une r\u00e9sistance importante gr\u00e2ce \u00e0 une couche min\u00e9rale ultra renforc\u00e9e et une couche protectrice renforc\u00e9e en<\/span><\/li>\n<li><span class=\"a-list-item\">Compatible avec plaques de cuisson \u00e0 gaz, \u00e9lectriques ou en c\u00e9ramique.<\/span><\/li>\n<li><span class=\"a-list-item\">Rev\u00eatement Ext\u00e9rieur anti-adh\u00e9sif. Nettoyage facile gr\u00e2ce \u00e0 sa surface anti-adh\u00e9sive.<\/span><\/li>\n<\/ul>\n","protected":false},"excerpt":{"rendered":"<p>Le rev\u00eatement TITANIUM FORCE, sans PFOA, sans Cadmium dure jusqu&#8217;\u00e0 2x plus longtemps et facilite le nettoyage Le rev\u00eatement antiadh\u00e9sif<\/p>\n","protected":false},"featured_media":9749,"comment_status":"open","ping_status":"closed","template":"","meta":[],"product_brand":[],"product_cat":[337,340,354],"product_tag":[],"class_list":{"0":"post-9802","1":"product","2":"type-product","3":"status-publish","4":"has-post-thumbnail","6":"product_cat-preparation","7":"product_cat-accessoires-preparation","8":"product_cat-poeles","10":"first","11":"instock","12":"sold-individually","13":"shipping-taxable","14":"product-type-simple"},"_links":{"self":[{"href":"https:\/\/www.rgequip.com\/index.php?rest_route=\/wp\/v2\/product\/9802","targetHints":{"allow":["GET"]}}],"collection":[{"href":"https:\/\/www.rgequip.com\/index.php?rest_route=\/wp\/v2\/product"}],"about":[{"href":"https:\/\/www.rgequip.com\/index.php?rest_route=\/wp\/v2\/types\/product"}],"replies":[{"embeddable":true,"href":"https:\/\/www.rgequip.com\/index.php?rest_route=%2Fwp%2Fv2%2Fcomments&post=9802"}],"version-history":[{"count":1,"href":"https:\/\/www.rgequip.com\/index.php?rest_route=\/wp\/v2\/product\/9802\/revisions"}],"predecessor-version":[{"id":9815,"href":"https:\/\/www.rgequip.com\/index.php?rest_route=\/wp\/v2\/product\/9802\/revisions\/9815"}],"wp:featuredmedia":[{"embeddable":true,"href":"https:\/\/www.rgequip.com\/index.php?rest_route=\/wp\/v2\/media\/9749"}],"wp:attachment":[{"href":"https:\/\/www.rgequip.com\/index.php?rest_route=%2Fwp%2Fv2%2Fmedia&parent=9802"}],"wp:term":[{"taxonomy":"product_brand","embeddable":true,"href":"https:\/\/www.rgequip.com\/index.php?rest_route=%2Fwp%2Fv2%2Fproduct_brand&post=9802"},{"taxonomy":"product_cat","embeddable":true,"href":"https:\/\/www.rgequip.com\/index.php?rest_route=%2Fwp%2Fv2%2Fproduct_cat&post=9802"},{"taxonomy":"product_tag","embeddable":true,"href":"https:\/\/www.rgequip.com\/index.php?rest_route=%2Fwp%2Fv2%2Fproduct_tag&post=9802"}],"curies":[{"name":"wp","href":"https:\/\/api.w.org\/{rel}","templated":true}]}}