{"id":9801,"date":"2019-09-26T18:20:11","date_gmt":"2019-09-26T16:20:11","guid":{"rendered":"https:\/\/www.rgequip.com\/?post_type=product&#038;p=9801"},"modified":"2020-09-14T12:47:34","modified_gmt":"2020-09-14T10:47:34","slug":"vasque-a-bouteilles","status":"publish","type":"product","link":"https:\/\/www.rgequip.com\/?product=vasque-a-bouteilles","title":{"rendered":"VASQUE \u00c0 BOUTEILLES"},"content":{"rendered":"<p>Vasque \u00e0 vin et champagne de forme ovale.<br \/>\nEn acrylique, tr\u00e8s r\u00e9sistant.<br \/>\nPoign\u00e9es ergonomiques pour une meilleure prise en main<br \/>\nTransparent<br \/>\nOvale<\/p>\n","protected":false},"excerpt":{"rendered":"<p>Vasque \u00e0 vin et champagne de forme ovale. En acrylique, tr\u00e8s r\u00e9sistant. Poign\u00e9es ergonomiques pour une meilleure prise en main<\/p>\n","protected":false},"featured_media":9803,"comment_status":"open","ping_status":"closed","template":"","meta":[],"product_brand":[],"product_cat":[314],"product_tag":[],"class_list":{"0":"post-9801","1":"product","2":"type-product","3":"status-publish","4":"has-post-thumbnail","6":"product_cat-cafe-bar","8":"first","9":"instock","10":"shipping-taxable","11":"product-type-simple"},"_links":{"self":[{"href":"https:\/\/www.rgequip.com\/index.php?rest_route=\/wp\/v2\/product\/9801","targetHints":{"allow":["GET"]}}],"collection":[{"href":"https:\/\/www.rgequip.com\/index.php?rest_route=\/wp\/v2\/product"}],"about":[{"href":"https:\/\/www.rgequip.com\/index.php?rest_route=\/wp\/v2\/types\/product"}],"replies":[{"embeddable":true,"href":"https:\/\/www.rgequip.com\/index.php?rest_route=%2Fwp%2Fv2%2Fcomments&post=9801"}],"version-history":[{"count":0,"href":"https:\/\/www.rgequip.com\/index.php?rest_route=\/wp\/v2\/product\/9801\/revisions"}],"wp:featuredmedia":[{"embeddable":true,"href":"https:\/\/www.rgequip.com\/index.php?rest_route=\/wp\/v2\/media\/9803"}],"wp:attachment":[{"href":"https:\/\/www.rgequip.com\/index.php?rest_route=%2Fwp%2Fv2%2Fmedia&parent=9801"}],"wp:term":[{"taxonomy":"product_brand","embeddable":true,"href":"https:\/\/www.rgequip.com\/index.php?rest_route=%2Fwp%2Fv2%2Fproduct_brand&post=9801"},{"taxonomy":"product_cat","embeddable":true,"href":"https:\/\/www.rgequip.com\/index.php?rest_route=%2Fwp%2Fv2%2Fproduct_cat&post=9801"},{"taxonomy":"product_tag","embeddable":true,"href":"https:\/\/www.rgequip.com\/index.php?rest_route=%2Fwp%2Fv2%2Fproduct_tag&post=9801"}],"curies":[{"name":"wp","href":"https:\/\/api.w.org\/{rel}","templated":true}]}}