{"id":9798,"date":"2019-09-26T18:13:43","date_gmt":"2019-09-26T16:13:43","guid":{"rendered":"https:\/\/www.rgequip.com\/?post_type=product&#038;p=9798"},"modified":"2020-09-14T12:50:42","modified_gmt":"2020-09-14T10:50:42","slug":"filtres-a-cafe-papier-o-25-cm","status":"publish","type":"product","link":"https:\/\/www.rgequip.com\/?product=filtres-a-cafe-papier-o-25-cm","title":{"rendered":"FILTRES \u00c0 CAF\u00c9 PAPIER \u00d8 25 CM"},"content":{"rendered":"<p>Non-blanchi<br \/>\nConvient entre autres aux machines \u00e0 caf\u00e9 Hendi, Bravilor et Animo<br \/>\nDiam\u00e8tre du filtre &#8211; 250 mm<br \/>\nDiam\u00e8tre du fond du filtre &#8211; 110 mm<\/p>\n","protected":false},"excerpt":{"rendered":"<p>Non-blanchi Convient entre autres aux machines \u00e0 caf\u00e9 Hendi, Bravilor et Animo Diam\u00e8tre du filtre &#8211; 250 mm Diam\u00e8tre du<\/p>\n","protected":false},"featured_media":9799,"comment_status":"open","ping_status":"closed","template":"","meta":[],"product_brand":[],"product_cat":[314,315,319],"product_tag":[],"class_list":{"0":"post-9798","1":"product","2":"type-product","3":"status-publish","4":"has-post-thumbnail","6":"product_cat-cafe-bar","7":"product_cat-cafe","8":"product_cat-filtres","10":"first","11":"instock","12":"shipping-taxable","13":"product-type-simple"},"_links":{"self":[{"href":"https:\/\/www.rgequip.com\/index.php?rest_route=\/wp\/v2\/product\/9798","targetHints":{"allow":["GET"]}}],"collection":[{"href":"https:\/\/www.rgequip.com\/index.php?rest_route=\/wp\/v2\/product"}],"about":[{"href":"https:\/\/www.rgequip.com\/index.php?rest_route=\/wp\/v2\/types\/product"}],"replies":[{"embeddable":true,"href":"https:\/\/www.rgequip.com\/index.php?rest_route=%2Fwp%2Fv2%2Fcomments&post=9798"}],"version-history":[{"count":0,"href":"https:\/\/www.rgequip.com\/index.php?rest_route=\/wp\/v2\/product\/9798\/revisions"}],"wp:featuredmedia":[{"embeddable":true,"href":"https:\/\/www.rgequip.com\/index.php?rest_route=\/wp\/v2\/media\/9799"}],"wp:attachment":[{"href":"https:\/\/www.rgequip.com\/index.php?rest_route=%2Fwp%2Fv2%2Fmedia&parent=9798"}],"wp:term":[{"taxonomy":"product_brand","embeddable":true,"href":"https:\/\/www.rgequip.com\/index.php?rest_route=%2Fwp%2Fv2%2Fproduct_brand&post=9798"},{"taxonomy":"product_cat","embeddable":true,"href":"https:\/\/www.rgequip.com\/index.php?rest_route=%2Fwp%2Fv2%2Fproduct_cat&post=9798"},{"taxonomy":"product_tag","embeddable":true,"href":"https:\/\/www.rgequip.com\/index.php?rest_route=%2Fwp%2Fv2%2Fproduct_tag&post=9798"}],"curies":[{"name":"wp","href":"https:\/\/api.w.org\/{rel}","templated":true}]}}