{"id":9794,"date":"2019-09-26T18:11:27","date_gmt":"2019-09-26T16:11:27","guid":{"rendered":"https:\/\/www.rgequip.com\/?post_type=product&#038;p=9794"},"modified":"2019-09-26T18:11:27","modified_gmt":"2019-09-26T16:11:27","slug":"distributeur-de-chocolat-chaud","status":"publish","type":"product","link":"https:\/\/www.rgequip.com\/?product=distributeur-de-chocolat-chaud","title":{"rendered":"DISTRIBUTEUR DE CHOCOLAT CHAUD"},"content":{"rendered":"<p>Le chauffage par bain-marie \u00e9vite que le chocolat br\u00fble.<br \/>\nDe plus, le fond de la marmite en inox et les parois\u00a0 en polycarbonate.<br \/>\nBac \u00e9gouttoir avec indicateur de niveau, afin d&#8217;\u00e9viter le d\u00e9bordement.<br \/>\nProtection de surchauffe.<br \/>\nLe chocolat se m\u00e9lange en continue automatiquement, ce qui donne une consistance homog\u00e8ne.<br \/>\nRobinet sp\u00e9ciale &#8220;anti-goutte&#8221;<br \/>\nPlage de temp\u00e9rature: 65\u00b0 \u00e0 85\u00b0C.<br \/>\nTemp\u00e9rature d&#8217;environnement n\u00e9cessaire: 10\u00b0 \u00e0 32\u00b0C<\/p>\n","protected":false},"excerpt":{"rendered":"<p>Le chauffage par bain-marie \u00e9vite que le chocolat br\u00fble. De plus, le fond de la marmite en inox et les<\/p>\n","protected":false},"featured_media":9795,"comment_status":"open","ping_status":"closed","template":"","meta":[],"product_brand":[],"product_cat":[314,330,328],"product_tag":[],"class_list":{"0":"post-9794","1":"product","2":"type-product","3":"status-publish","4":"has-post-thumbnail","6":"product_cat-cafe-bar","7":"product_cat-chocolatiere","8":"product_cat-lait-chocolat","10":"first","11":"instock","12":"shipping-taxable","13":"product-type-simple"},"_links":{"self":[{"href":"https:\/\/www.rgequip.com\/index.php?rest_route=\/wp\/v2\/product\/9794","targetHints":{"allow":["GET"]}}],"collection":[{"href":"https:\/\/www.rgequip.com\/index.php?rest_route=\/wp\/v2\/product"}],"about":[{"href":"https:\/\/www.rgequip.com\/index.php?rest_route=\/wp\/v2\/types\/product"}],"replies":[{"embeddable":true,"href":"https:\/\/www.rgequip.com\/index.php?rest_route=%2Fwp%2Fv2%2Fcomments&post=9794"}],"version-history":[{"count":0,"href":"https:\/\/www.rgequip.com\/index.php?rest_route=\/wp\/v2\/product\/9794\/revisions"}],"wp:featuredmedia":[{"embeddable":true,"href":"https:\/\/www.rgequip.com\/index.php?rest_route=\/wp\/v2\/media\/9795"}],"wp:attachment":[{"href":"https:\/\/www.rgequip.com\/index.php?rest_route=%2Fwp%2Fv2%2Fmedia&parent=9794"}],"wp:term":[{"taxonomy":"product_brand","embeddable":true,"href":"https:\/\/www.rgequip.com\/index.php?rest_route=%2Fwp%2Fv2%2Fproduct_brand&post=9794"},{"taxonomy":"product_cat","embeddable":true,"href":"https:\/\/www.rgequip.com\/index.php?rest_route=%2Fwp%2Fv2%2Fproduct_cat&post=9794"},{"taxonomy":"product_tag","embeddable":true,"href":"https:\/\/www.rgequip.com\/index.php?rest_route=%2Fwp%2Fv2%2Fproduct_tag&post=9794"}],"curies":[{"name":"wp","href":"https:\/\/api.w.org\/{rel}","templated":true}]}}