{"id":9792,"date":"2019-09-26T18:06:22","date_gmt":"2019-09-26T16:06:22","guid":{"rendered":"https:\/\/www.rgequip.com\/?post_type=product&#038;p=9792"},"modified":"2019-12-04T11:20:20","modified_gmt":"2019-12-04T10:20:20","slug":"machine-a-cafe","status":"publish","type":"product","link":"https:\/\/www.rgequip.com\/?product=machine-a-cafe","title":{"rendered":"MACHINE \u00c0 CAF\u00c9"},"content":{"rendered":"<p>Plaques chauffantes en haut et en bas, voyant lumineux.<br \/>\nSyst\u00e8me \u00e0 filtre rapide avec \u00e9l\u00e9ment d\u00b4\u00e9coulement continu &#8211; 1,8L en 5 minutes.<br \/>\nTemp\u00e9rature entre 93\u00b0 &#8211; 96\u00b0C.<br \/>\nAppareil et porte-filtre en inox.<br \/>\nLivr\u00e9e avec 2 verseuses en verre de 1,8 litre et 25 filtres (90\/250).<\/p>\n<div class=\"articlegroup_articlenumbers\"><\/div>\n","protected":false},"excerpt":{"rendered":"<p>Plaques chauffantes en haut et en bas, voyant lumineux. Syst\u00e8me \u00e0 filtre rapide avec \u00e9l\u00e9ment d\u00b4\u00e9coulement continu &#8211; 1,8L en<\/p>\n","protected":false},"featured_media":13781,"comment_status":"open","ping_status":"closed","template":"","meta":[],"product_brand":[],"product_cat":[314,315,316],"product_tag":[],"class_list":{"0":"post-9792","1":"product","2":"type-product","3":"status-publish","4":"has-post-thumbnail","6":"product_cat-cafe-bar","7":"product_cat-cafe","8":"product_cat-machine-a-cafe","10":"first","11":"instock","12":"shipping-taxable","13":"product-type-simple"},"_links":{"self":[{"href":"https:\/\/www.rgequip.com\/index.php?rest_route=\/wp\/v2\/product\/9792","targetHints":{"allow":["GET"]}}],"collection":[{"href":"https:\/\/www.rgequip.com\/index.php?rest_route=\/wp\/v2\/product"}],"about":[{"href":"https:\/\/www.rgequip.com\/index.php?rest_route=\/wp\/v2\/types\/product"}],"replies":[{"embeddable":true,"href":"https:\/\/www.rgequip.com\/index.php?rest_route=%2Fwp%2Fv2%2Fcomments&post=9792"}],"version-history":[{"count":0,"href":"https:\/\/www.rgequip.com\/index.php?rest_route=\/wp\/v2\/product\/9792\/revisions"}],"wp:featuredmedia":[{"embeddable":true,"href":"https:\/\/www.rgequip.com\/index.php?rest_route=\/wp\/v2\/media\/13781"}],"wp:attachment":[{"href":"https:\/\/www.rgequip.com\/index.php?rest_route=%2Fwp%2Fv2%2Fmedia&parent=9792"}],"wp:term":[{"taxonomy":"product_brand","embeddable":true,"href":"https:\/\/www.rgequip.com\/index.php?rest_route=%2Fwp%2Fv2%2Fproduct_brand&post=9792"},{"taxonomy":"product_cat","embeddable":true,"href":"https:\/\/www.rgequip.com\/index.php?rest_route=%2Fwp%2Fv2%2Fproduct_cat&post=9792"},{"taxonomy":"product_tag","embeddable":true,"href":"https:\/\/www.rgequip.com\/index.php?rest_route=%2Fwp%2Fv2%2Fproduct_tag&post=9792"}],"curies":[{"name":"wp","href":"https:\/\/api.w.org\/{rel}","templated":true}]}}