{"id":9786,"date":"2019-09-26T18:03:55","date_gmt":"2019-09-26T16:03:55","guid":{"rendered":"https:\/\/www.rgequip.com\/?post_type=product&#038;p=9786"},"modified":"2019-09-26T18:04:34","modified_gmt":"2019-09-26T16:04:34","slug":"machine-a-cafe-1-8l","status":"publish","type":"product","link":"https:\/\/www.rgequip.com\/?product=machine-a-cafe-1-8l","title":{"rendered":"MACHINE \u00c0 CAF\u00c9 1.8L"},"content":{"rendered":"<p>Temps de pr\u00e9paration par cafeti\u00e8re environ 6 minutes.<br \/>\nMod\u00e8le design fait en polypropyl\u00e8ne avec une couche en caoutchouc noir.<br \/>\ncafeti\u00e8re en verre de 1,8L, porte-filtre et couvercle en polypropyl\u00e8ne.<br \/>\nAvec 2 plaques chauffantes r\u00e9glables s\u00e9par\u00e9ment.<br \/>\nAvec voyant indiquant que le caf\u00e9 est pr\u00eat.<br \/>\nConvient pour des filtres en papier 110\/250c<\/p>\n","protected":false},"excerpt":{"rendered":"<p>Temps de pr\u00e9paration par cafeti\u00e8re environ 6 minutes. Mod\u00e8le design fait en polypropyl\u00e8ne avec une couche en caoutchouc noir. cafeti\u00e8re<\/p>\n","protected":false},"featured_media":9787,"comment_status":"open","ping_status":"closed","template":"","meta":[],"product_brand":[],"product_cat":[314,315,316],"product_tag":[],"class_list":{"0":"post-9786","1":"product","2":"type-product","3":"status-publish","4":"has-post-thumbnail","6":"product_cat-cafe-bar","7":"product_cat-cafe","8":"product_cat-machine-a-cafe","10":"first","11":"instock","12":"shipping-taxable","13":"product-type-simple"},"_links":{"self":[{"href":"https:\/\/www.rgequip.com\/index.php?rest_route=\/wp\/v2\/product\/9786","targetHints":{"allow":["GET"]}}],"collection":[{"href":"https:\/\/www.rgequip.com\/index.php?rest_route=\/wp\/v2\/product"}],"about":[{"href":"https:\/\/www.rgequip.com\/index.php?rest_route=\/wp\/v2\/types\/product"}],"replies":[{"embeddable":true,"href":"https:\/\/www.rgequip.com\/index.php?rest_route=%2Fwp%2Fv2%2Fcomments&post=9786"}],"version-history":[{"count":0,"href":"https:\/\/www.rgequip.com\/index.php?rest_route=\/wp\/v2\/product\/9786\/revisions"}],"wp:featuredmedia":[{"embeddable":true,"href":"https:\/\/www.rgequip.com\/index.php?rest_route=\/wp\/v2\/media\/9787"}],"wp:attachment":[{"href":"https:\/\/www.rgequip.com\/index.php?rest_route=%2Fwp%2Fv2%2Fmedia&parent=9786"}],"wp:term":[{"taxonomy":"product_brand","embeddable":true,"href":"https:\/\/www.rgequip.com\/index.php?rest_route=%2Fwp%2Fv2%2Fproduct_brand&post=9786"},{"taxonomy":"product_cat","embeddable":true,"href":"https:\/\/www.rgequip.com\/index.php?rest_route=%2Fwp%2Fv2%2Fproduct_cat&post=9786"},{"taxonomy":"product_tag","embeddable":true,"href":"https:\/\/www.rgequip.com\/index.php?rest_route=%2Fwp%2Fv2%2Fproduct_tag&post=9786"}],"curies":[{"name":"wp","href":"https:\/\/api.w.org\/{rel}","templated":true}]}}