{"id":9782,"date":"2019-09-26T17:59:47","date_gmt":"2019-09-26T15:59:47","guid":{"rendered":"https:\/\/www.rgequip.com\/?post_type=product&#038;p=9782"},"modified":"2019-09-26T17:59:47","modified_gmt":"2019-09-26T15:59:47","slug":"boite-a-the","status":"publish","type":"product","link":"https:\/\/www.rgequip.com\/?product=boite-a-the","title":{"rendered":"BO\u00ceTE \u00c0 TH\u00c9"},"content":{"rendered":"<p><span class=\"a-list-item\">En bois au style r\u00e9tro. De style shabby chic avec couvercle et vitre d\u00e9corative.<\/span><\/p>\n<p><span class=\"a-list-item\">Jolie bo\u00eete en bois pour ranger votre th\u00e9 (en vrac ou en sachets) ou de petits objets (par ex. \u00e9pices, dosettes de caf\u00e9, bijoux) de toutes sortes.<br \/>\n<\/span>Avec 12 compartiments<\/p>\n","protected":false},"excerpt":{"rendered":"<p>En bois au style r\u00e9tro. De style shabby chic avec couvercle et vitre d\u00e9corative. Jolie bo\u00eete en bois pour ranger<\/p>\n","protected":false},"featured_media":9783,"comment_status":"open","ping_status":"closed","template":"","meta":[],"product_brand":[],"product_cat":[314,315,331],"product_tag":[],"class_list":{"0":"post-9782","1":"product","2":"type-product","3":"status-publish","4":"has-post-thumbnail","6":"product_cat-cafe-bar","7":"product_cat-cafe","8":"product_cat-service-petit-dejeuner","10":"first","11":"instock","12":"shipping-taxable","13":"product-type-simple"},"_links":{"self":[{"href":"https:\/\/www.rgequip.com\/index.php?rest_route=\/wp\/v2\/product\/9782","targetHints":{"allow":["GET"]}}],"collection":[{"href":"https:\/\/www.rgequip.com\/index.php?rest_route=\/wp\/v2\/product"}],"about":[{"href":"https:\/\/www.rgequip.com\/index.php?rest_route=\/wp\/v2\/types\/product"}],"replies":[{"embeddable":true,"href":"https:\/\/www.rgequip.com\/index.php?rest_route=%2Fwp%2Fv2%2Fcomments&post=9782"}],"version-history":[{"count":1,"href":"https:\/\/www.rgequip.com\/index.php?rest_route=\/wp\/v2\/product\/9782\/revisions"}],"predecessor-version":[{"id":9785,"href":"https:\/\/www.rgequip.com\/index.php?rest_route=\/wp\/v2\/product\/9782\/revisions\/9785"}],"wp:featuredmedia":[{"embeddable":true,"href":"https:\/\/www.rgequip.com\/index.php?rest_route=\/wp\/v2\/media\/9783"}],"wp:attachment":[{"href":"https:\/\/www.rgequip.com\/index.php?rest_route=%2Fwp%2Fv2%2Fmedia&parent=9782"}],"wp:term":[{"taxonomy":"product_brand","embeddable":true,"href":"https:\/\/www.rgequip.com\/index.php?rest_route=%2Fwp%2Fv2%2Fproduct_brand&post=9782"},{"taxonomy":"product_cat","embeddable":true,"href":"https:\/\/www.rgequip.com\/index.php?rest_route=%2Fwp%2Fv2%2Fproduct_cat&post=9782"},{"taxonomy":"product_tag","embeddable":true,"href":"https:\/\/www.rgequip.com\/index.php?rest_route=%2Fwp%2Fv2%2Fproduct_tag&post=9782"}],"curies":[{"name":"wp","href":"https:\/\/api.w.org\/{rel}","templated":true}]}}