{"id":9780,"date":"2019-09-26T17:50:45","date_gmt":"2019-09-26T15:50:45","guid":{"rendered":"https:\/\/www.rgequip.com\/?post_type=product&#038;p=9780"},"modified":"2019-09-26T18:15:17","modified_gmt":"2019-09-26T16:15:17","slug":"9780","status":"publish","type":"product","link":"https:\/\/www.rgequip.com\/?product=9780","title":{"rendered":"Distributeur de c\u00e9reales 8L"},"content":{"rendered":"<p><span class=\"hps\">Distributeurs<\/span>\u00a0<span class=\"hps\">de c\u00e9r\u00e9ales<\/span>\u00a0<span class=\"hps\">professionnel<\/span>\u00a0<span class=\"hps\">pour le petit d\u00e9jeuner<\/span>.<br \/>\n<span class=\"hps\">De m\u00eame, R\u00e9cipient transparent<\/span>\u00a0<span class=\"hps\">en acier<\/span>\u00a0<span class=\"hps\">inoxydable<\/span> .<br \/>\n<span class=\"hps\">\u00a0Pour h\u00f4tels<\/span>,\u00a0<span class=\"hps\">chambres d&#8217;h\u00f4tes,<\/span>\u00a0<span class=\"hps\">salles de petit d\u00e9jeuner<\/span><br \/>\ncapacit\u00e9 8 + 8 litres.<\/p>\n","protected":false},"excerpt":{"rendered":"<p>Distributeurs\u00a0de c\u00e9r\u00e9ales\u00a0professionnel\u00a0pour le petit d\u00e9jeuner. De m\u00eame, R\u00e9cipient transparent\u00a0en acier\u00a0inoxydable . \u00a0Pour h\u00f4tels,\u00a0chambres d&#8217;h\u00f4tes,\u00a0salles de petit d\u00e9jeuner capacit\u00e9 8 +<\/p>\n","protected":false},"featured_media":9781,"comment_status":"open","ping_status":"closed","template":"","meta":[],"product_brand":[],"product_cat":[314,332,331],"product_tag":[],"class_list":{"0":"post-9780","1":"product","2":"type-product","3":"status-publish","4":"has-post-thumbnail","6":"product_cat-cafe-bar","7":"product_cat-dstributeur-de-cereales","8":"product_cat-service-petit-dejeuner","10":"first","11":"instock","12":"shipping-taxable","13":"product-type-simple"},"_links":{"self":[{"href":"https:\/\/www.rgequip.com\/index.php?rest_route=\/wp\/v2\/product\/9780","targetHints":{"allow":["GET"]}}],"collection":[{"href":"https:\/\/www.rgequip.com\/index.php?rest_route=\/wp\/v2\/product"}],"about":[{"href":"https:\/\/www.rgequip.com\/index.php?rest_route=\/wp\/v2\/types\/product"}],"replies":[{"embeddable":true,"href":"https:\/\/www.rgequip.com\/index.php?rest_route=%2Fwp%2Fv2%2Fcomments&post=9780"}],"version-history":[{"count":0,"href":"https:\/\/www.rgequip.com\/index.php?rest_route=\/wp\/v2\/product\/9780\/revisions"}],"wp:featuredmedia":[{"embeddable":true,"href":"https:\/\/www.rgequip.com\/index.php?rest_route=\/wp\/v2\/media\/9781"}],"wp:attachment":[{"href":"https:\/\/www.rgequip.com\/index.php?rest_route=%2Fwp%2Fv2%2Fmedia&parent=9780"}],"wp:term":[{"taxonomy":"product_brand","embeddable":true,"href":"https:\/\/www.rgequip.com\/index.php?rest_route=%2Fwp%2Fv2%2Fproduct_brand&post=9780"},{"taxonomy":"product_cat","embeddable":true,"href":"https:\/\/www.rgequip.com\/index.php?rest_route=%2Fwp%2Fv2%2Fproduct_cat&post=9780"},{"taxonomy":"product_tag","embeddable":true,"href":"https:\/\/www.rgequip.com\/index.php?rest_route=%2Fwp%2Fv2%2Fproduct_tag&post=9780"}],"curies":[{"name":"wp","href":"https:\/\/api.w.org\/{rel}","templated":true}]}}