{"id":9769,"date":"2019-09-26T17:03:24","date_gmt":"2019-09-26T15:03:24","guid":{"rendered":"https:\/\/www.rgequip.com\/?post_type=product&#038;p=9769"},"modified":"2019-09-26T17:03:24","modified_gmt":"2019-09-26T15:03:24","slug":"table-degouttage-avec-cache-bac","status":"publish","type":"product","link":"https:\/\/www.rgequip.com\/?product=table-degouttage-avec-cache-bac","title":{"rendered":"Table D&#8217;\u00e9gouttage Avec Cache Bac"},"content":{"rendered":"<p>Construction du produit en acier inoxydable<br \/>\nT\u00f4le perfor\u00e9e situ\u00e9e dans la piscine de drainage<br \/>\n* Dessus de table sup\u00e9rieurs 40 mm et arri\u00e8re 60 mm<br \/>\n* Pieds de\u00a0table\u00a0profil\u00e9s 40&#215;40 * Pieds<br \/>\nr\u00e9glables en plastique<\/p>\n","protected":false},"excerpt":{"rendered":"<p>Construction du produit en acier inoxydable T\u00f4le perfor\u00e9e situ\u00e9e dans la piscine de drainage * Dessus de table sup\u00e9rieurs 40<\/p>\n","protected":false},"featured_media":9770,"comment_status":"open","ping_status":"closed","template":"","meta":[],"product_brand":[],"product_cat":[392,400,393,394],"product_tag":[],"class_list":{"0":"post-9769","1":"product","2":"type-product","3":"status-publish","4":"has-post-thumbnail","6":"product_cat-laverie-hygiene","7":"product_cat-avec-egouttoir","8":"product_cat-lavage","9":"product_cat-plonge","11":"first","12":"instock","13":"shipping-taxable","14":"product-type-simple"},"_links":{"self":[{"href":"https:\/\/www.rgequip.com\/index.php?rest_route=\/wp\/v2\/product\/9769","targetHints":{"allow":["GET"]}}],"collection":[{"href":"https:\/\/www.rgequip.com\/index.php?rest_route=\/wp\/v2\/product"}],"about":[{"href":"https:\/\/www.rgequip.com\/index.php?rest_route=\/wp\/v2\/types\/product"}],"replies":[{"embeddable":true,"href":"https:\/\/www.rgequip.com\/index.php?rest_route=%2Fwp%2Fv2%2Fcomments&post=9769"}],"version-history":[{"count":0,"href":"https:\/\/www.rgequip.com\/index.php?rest_route=\/wp\/v2\/product\/9769\/revisions"}],"wp:featuredmedia":[{"embeddable":true,"href":"https:\/\/www.rgequip.com\/index.php?rest_route=\/wp\/v2\/media\/9770"}],"wp:attachment":[{"href":"https:\/\/www.rgequip.com\/index.php?rest_route=%2Fwp%2Fv2%2Fmedia&parent=9769"}],"wp:term":[{"taxonomy":"product_brand","embeddable":true,"href":"https:\/\/www.rgequip.com\/index.php?rest_route=%2Fwp%2Fv2%2Fproduct_brand&post=9769"},{"taxonomy":"product_cat","embeddable":true,"href":"https:\/\/www.rgequip.com\/index.php?rest_route=%2Fwp%2Fv2%2Fproduct_cat&post=9769"},{"taxonomy":"product_tag","embeddable":true,"href":"https:\/\/www.rgequip.com\/index.php?rest_route=%2Fwp%2Fv2%2Fproduct_tag&post=9769"}],"curies":[{"name":"wp","href":"https:\/\/api.w.org\/{rel}","templated":true}]}}