{"id":9767,"date":"2019-09-26T16:49:44","date_gmt":"2019-09-26T14:49:44","guid":{"rendered":"https:\/\/www.rgequip.com\/?post_type=product&#038;p=9767"},"modified":"2021-04-05T12:08:36","modified_gmt":"2021-04-05T10:08:36","slug":"chariot-de-service-03-niveaux","status":"publish","type":"product","link":"https:\/\/www.rgequip.com\/?product=chariot-de-service-03-niveaux","title":{"rendered":"Chariot de service 03 Niveaux"},"content":{"rendered":"<p>Enti\u00e8rement en Inox<br \/>\n* Trois \u00e9tages<br \/>\n* D\u00e9montable<br \/>\nDes roues l\u00e9g\u00e8res, silencieuses et de haute qualit\u00e9 absorbent les vibrations<\/p>\n","protected":false},"excerpt":{"rendered":"<p>Enti\u00e8rement en Inox * Trois \u00e9tages * D\u00e9montable Des roues l\u00e9g\u00e8res, silencieuses et de haute qualit\u00e9 absorbent les vibrations<\/p>\n","protected":false},"featured_media":9768,"comment_status":"open","ping_status":"closed","template":"","meta":[],"product_brand":[],"product_cat":[406,407],"product_tag":[],"class_list":{"0":"post-9767","1":"product","2":"type-product","3":"status-publish","4":"has-post-thumbnail","6":"product_cat-autres-inox","7":"product_cat-chariot","9":"first","10":"instock","11":"shipping-taxable","12":"product-type-simple"},"_links":{"self":[{"href":"https:\/\/www.rgequip.com\/index.php?rest_route=\/wp\/v2\/product\/9767","targetHints":{"allow":["GET"]}}],"collection":[{"href":"https:\/\/www.rgequip.com\/index.php?rest_route=\/wp\/v2\/product"}],"about":[{"href":"https:\/\/www.rgequip.com\/index.php?rest_route=\/wp\/v2\/types\/product"}],"replies":[{"embeddable":true,"href":"https:\/\/www.rgequip.com\/index.php?rest_route=%2Fwp%2Fv2%2Fcomments&post=9767"}],"version-history":[{"count":1,"href":"https:\/\/www.rgequip.com\/index.php?rest_route=\/wp\/v2\/product\/9767\/revisions"}],"predecessor-version":[{"id":18847,"href":"https:\/\/www.rgequip.com\/index.php?rest_route=\/wp\/v2\/product\/9767\/revisions\/18847"}],"wp:featuredmedia":[{"embeddable":true,"href":"https:\/\/www.rgequip.com\/index.php?rest_route=\/wp\/v2\/media\/9768"}],"wp:attachment":[{"href":"https:\/\/www.rgequip.com\/index.php?rest_route=%2Fwp%2Fv2%2Fmedia&parent=9767"}],"wp:term":[{"taxonomy":"product_brand","embeddable":true,"href":"https:\/\/www.rgequip.com\/index.php?rest_route=%2Fwp%2Fv2%2Fproduct_brand&post=9767"},{"taxonomy":"product_cat","embeddable":true,"href":"https:\/\/www.rgequip.com\/index.php?rest_route=%2Fwp%2Fv2%2Fproduct_cat&post=9767"},{"taxonomy":"product_tag","embeddable":true,"href":"https:\/\/www.rgequip.com\/index.php?rest_route=%2Fwp%2Fv2%2Fproduct_tag&post=9767"}],"curies":[{"name":"wp","href":"https:\/\/api.w.org\/{rel}","templated":true}]}}