{"id":9760,"date":"2019-09-26T16:37:23","date_gmt":"2019-09-26T14:37:23","guid":{"rendered":"https:\/\/www.rgequip.com\/?post_type=product&#038;p=9760"},"modified":"2019-09-26T16:37:23","modified_gmt":"2019-09-26T14:37:23","slug":"chariot-de-service-3-niveaux","status":"publish","type":"product","link":"https:\/\/www.rgequip.com\/?product=chariot-de-service-3-niveaux","title":{"rendered":"Chariot De Service 3 niveaux"},"content":{"rendered":"<ul class=\"remarklist\">\n<li class=\"purple\">Fait en inox<br \/>\nComporte 3 \u00e9tag\u00e8res avec rev\u00eatement antibruit sur le dessous.<br \/>\nPoids maximum par plateau 50 kg.<br \/>\nAvec 4 roulettes pivotantes, dont deux \u00e0 frein, \u00e9quip\u00e9s de protections d\u00b4angle.<br \/>\nLa distance entre les plateaux est 295 mm.<br \/>\nPlan de travail 830x510mm.<br \/>\nLivr\u00e9 d\u00e9mont\u00e9 et \u00e0 plat.<\/li>\n<\/ul>\n<div class=\"articlegroup_articlenumbers\"><\/div>\n","protected":false},"excerpt":{"rendered":"<p>Fait en inox Comporte 3 \u00e9tag\u00e8res avec rev\u00eatement antibruit sur le dessous. Poids maximum par plateau 50 kg. Avec 4<\/p>\n","protected":false},"featured_media":9761,"comment_status":"open","ping_status":"closed","template":"","meta":[],"product_brand":[],"product_cat":[406,407],"product_tag":[],"class_list":{"0":"post-9760","1":"product","2":"type-product","3":"status-publish","4":"has-post-thumbnail","6":"product_cat-autres-inox","7":"product_cat-chariot","9":"first","10":"instock","11":"shipping-taxable","12":"product-type-simple"},"_links":{"self":[{"href":"https:\/\/www.rgequip.com\/index.php?rest_route=\/wp\/v2\/product\/9760","targetHints":{"allow":["GET"]}}],"collection":[{"href":"https:\/\/www.rgequip.com\/index.php?rest_route=\/wp\/v2\/product"}],"about":[{"href":"https:\/\/www.rgequip.com\/index.php?rest_route=\/wp\/v2\/types\/product"}],"replies":[{"embeddable":true,"href":"https:\/\/www.rgequip.com\/index.php?rest_route=%2Fwp%2Fv2%2Fcomments&post=9760"}],"version-history":[{"count":0,"href":"https:\/\/www.rgequip.com\/index.php?rest_route=\/wp\/v2\/product\/9760\/revisions"}],"wp:featuredmedia":[{"embeddable":true,"href":"https:\/\/www.rgequip.com\/index.php?rest_route=\/wp\/v2\/media\/9761"}],"wp:attachment":[{"href":"https:\/\/www.rgequip.com\/index.php?rest_route=%2Fwp%2Fv2%2Fmedia&parent=9760"}],"wp:term":[{"taxonomy":"product_brand","embeddable":true,"href":"https:\/\/www.rgequip.com\/index.php?rest_route=%2Fwp%2Fv2%2Fproduct_brand&post=9760"},{"taxonomy":"product_cat","embeddable":true,"href":"https:\/\/www.rgequip.com\/index.php?rest_route=%2Fwp%2Fv2%2Fproduct_cat&post=9760"},{"taxonomy":"product_tag","embeddable":true,"href":"https:\/\/www.rgequip.com\/index.php?rest_route=%2Fwp%2Fv2%2Fproduct_tag&post=9760"}],"curies":[{"name":"wp","href":"https:\/\/api.w.org\/{rel}","templated":true}]}}