{"id":9750,"date":"2019-09-26T16:32:00","date_gmt":"2019-09-26T14:32:00","guid":{"rendered":"https:\/\/www.rgequip.com\/?post_type=product&#038;p=9750"},"modified":"2019-09-26T16:32:00","modified_gmt":"2019-09-26T14:32:00","slug":"vitrine-refrigeree-51-4-gn","status":"publish","type":"product","link":"https:\/\/www.rgequip.com\/?product=vitrine-refrigeree-51-4-gn","title":{"rendered":"Vitrine r\u00e9frig\u00e9r\u00e9e 5*1\/4 GN"},"content":{"rendered":"<div>\n<div>\nGN profondeur jusqu&#8217;a 15 cm, inox 18\/10 avec verre s\u00e9curit\u00e9,<br \/>\ntemp\u00e9rature r\u00e9glable +2\u00b0 ~ +10\u00b0C et interrupteur marche-arr\u00eat illumine, livraison sans bacs GN<\/div>\n<\/div>\n<div>&#8211; 1200*340*440Hmm<\/div>\n<div>&#8211; 340W \u00a0 230V<\/div>\n","protected":false},"excerpt":{"rendered":"<p>GN profondeur jusqu&#8217;a 15 cm, inox 18\/10 avec verre s\u00e9curit\u00e9, temp\u00e9rature r\u00e9glable +2\u00b0 ~ +10\u00b0C et interrupteur marche-arr\u00eat illumine, livraison<\/p>\n","protected":false},"featured_media":9757,"comment_status":"open","ping_status":"closed","template":"","meta":[],"product_brand":[],"product_cat":[268,291,272],"product_tag":[],"class_list":{"0":"post-9750","1":"product","2":"type-product","3":"status-publish","4":"has-post-thumbnail","6":"product_cat-froids","7":"product_cat-v-a-sushi","8":"product_cat-vitrines","10":"first","11":"instock","12":"shipping-taxable","13":"product-type-simple"},"_links":{"self":[{"href":"https:\/\/www.rgequip.com\/index.php?rest_route=\/wp\/v2\/product\/9750","targetHints":{"allow":["GET"]}}],"collection":[{"href":"https:\/\/www.rgequip.com\/index.php?rest_route=\/wp\/v2\/product"}],"about":[{"href":"https:\/\/www.rgequip.com\/index.php?rest_route=\/wp\/v2\/types\/product"}],"replies":[{"embeddable":true,"href":"https:\/\/www.rgequip.com\/index.php?rest_route=%2Fwp%2Fv2%2Fcomments&post=9750"}],"version-history":[{"count":0,"href":"https:\/\/www.rgequip.com\/index.php?rest_route=\/wp\/v2\/product\/9750\/revisions"}],"wp:featuredmedia":[{"embeddable":true,"href":"https:\/\/www.rgequip.com\/index.php?rest_route=\/wp\/v2\/media\/9757"}],"wp:attachment":[{"href":"https:\/\/www.rgequip.com\/index.php?rest_route=%2Fwp%2Fv2%2Fmedia&parent=9750"}],"wp:term":[{"taxonomy":"product_brand","embeddable":true,"href":"https:\/\/www.rgequip.com\/index.php?rest_route=%2Fwp%2Fv2%2Fproduct_brand&post=9750"},{"taxonomy":"product_cat","embeddable":true,"href":"https:\/\/www.rgequip.com\/index.php?rest_route=%2Fwp%2Fv2%2Fproduct_cat&post=9750"},{"taxonomy":"product_tag","embeddable":true,"href":"https:\/\/www.rgequip.com\/index.php?rest_route=%2Fwp%2Fv2%2Fproduct_tag&post=9750"}],"curies":[{"name":"wp","href":"https:\/\/api.w.org\/{rel}","templated":true}]}}