{"id":9744,"date":"2019-09-26T16:20:07","date_gmt":"2019-09-26T14:20:07","guid":{"rendered":"https:\/\/www.rgequip.com\/?post_type=product&#038;p=9744"},"modified":"2019-09-26T16:20:07","modified_gmt":"2019-09-26T14:20:07","slug":"salamandre-vitroceramique-a-plafond-mobile","status":"publish","type":"product","link":"https:\/\/www.rgequip.com\/?product=salamandre-vitroceramique-a-plafond-mobile","title":{"rendered":"SALAMANDRE VITROC\u00c9RAMIQUE \u00c0 PLAFOND MOBILE"},"content":{"rendered":"<p>S\u2019active automatiquement sans \u00e9lectronique, au simple contact de l\u2019assiette poussant la barre de contact inox<\/p>\n<p>De plus, il poss\u00e8de une Cuisson instantan\u00e9e et une d&#8217;\u00e9conomie d\u2019\u00e9nergie de 35%<\/p>\n<p>De m\u00eame, son foyer vitroc\u00e9ramique se d\u00e9clenche et se coupe instantan\u00e9ment \u00e0 l\u2019utilisation.<\/p>\n<p>Enfin son Entretien ais\u00e9: la barre inox de d\u00e9tection enti\u00e8rement amovible et a un\u00a0Doseur d\u2019\u00e9nergie<br \/>\n(syst\u00e8me de d\u00e9tection des plats : PDS).<\/p>\n","protected":false},"excerpt":{"rendered":"<p>S\u2019active automatiquement sans \u00e9lectronique, au simple contact de l\u2019assiette poussant la barre de contact inox De plus, il poss\u00e8de une<\/p>\n","protected":false},"featured_media":9748,"comment_status":"open","ping_status":"closed","template":"","meta":[],"product_brand":[],"product_cat":[226,251,231],"product_tag":[],"class_list":{"0":"post-9744","1":"product","2":"type-product","3":"status-publish","4":"has-post-thumbnail","6":"product_cat-cuisson","7":"product_cat-salamandre","8":"product_cat-toaster","10":"first","11":"instock","12":"shipping-taxable","13":"product-type-simple"},"_links":{"self":[{"href":"https:\/\/www.rgequip.com\/index.php?rest_route=\/wp\/v2\/product\/9744","targetHints":{"allow":["GET"]}}],"collection":[{"href":"https:\/\/www.rgequip.com\/index.php?rest_route=\/wp\/v2\/product"}],"about":[{"href":"https:\/\/www.rgequip.com\/index.php?rest_route=\/wp\/v2\/types\/product"}],"replies":[{"embeddable":true,"href":"https:\/\/www.rgequip.com\/index.php?rest_route=%2Fwp%2Fv2%2Fcomments&post=9744"}],"version-history":[{"count":0,"href":"https:\/\/www.rgequip.com\/index.php?rest_route=\/wp\/v2\/product\/9744\/revisions"}],"wp:featuredmedia":[{"embeddable":true,"href":"https:\/\/www.rgequip.com\/index.php?rest_route=\/wp\/v2\/media\/9748"}],"wp:attachment":[{"href":"https:\/\/www.rgequip.com\/index.php?rest_route=%2Fwp%2Fv2%2Fmedia&parent=9744"}],"wp:term":[{"taxonomy":"product_brand","embeddable":true,"href":"https:\/\/www.rgequip.com\/index.php?rest_route=%2Fwp%2Fv2%2Fproduct_brand&post=9744"},{"taxonomy":"product_cat","embeddable":true,"href":"https:\/\/www.rgequip.com\/index.php?rest_route=%2Fwp%2Fv2%2Fproduct_cat&post=9744"},{"taxonomy":"product_tag","embeddable":true,"href":"https:\/\/www.rgequip.com\/index.php?rest_route=%2Fwp%2Fv2%2Fproduct_tag&post=9744"}],"curies":[{"name":"wp","href":"https:\/\/api.w.org\/{rel}","templated":true}]}}