{"id":9734,"date":"2019-09-26T15:49:10","date_gmt":"2019-09-26T13:49:10","guid":{"rendered":"https:\/\/www.rgequip.com\/?post_type=product&#038;p=9734"},"modified":"2019-09-26T15:49:10","modified_gmt":"2019-09-26T13:49:10","slug":"armoire-murale-avec-porte-coulissante-10040060","status":"publish","type":"product","link":"https:\/\/www.rgequip.com\/?product=armoire-murale-avec-porte-coulissante-10040060","title":{"rendered":"Armoire murale avec porte coulissante 100*400*60"},"content":{"rendered":"<p><span>Les produits\u00a0 fabriqu\u00e9s \u00e0 partir de la\u00a0construction en acier inoxydable<\/span><br \/>\n<span>* Plateau sup\u00e9rieur a\u00a0re\u00e7u 40 mm<\/span><br \/>\n<span>* \u00e9tag\u00e8re en acier inoxydable et des\u00a0portes coulissantes<\/span><\/p>\n","protected":false},"excerpt":{"rendered":"<p>Les produits\u00a0 fabriqu\u00e9s \u00e0 partir de la\u00a0construction en acier inoxydable * Plateau sup\u00e9rieur a\u00a0re\u00e7u 40 mm * \u00e9tag\u00e8re en acier<\/p>\n","protected":false},"featured_media":9736,"comment_status":"open","ping_status":"closed","template":"","meta":[],"product_brand":[],"product_cat":[406,413],"product_tag":[],"class_list":{"0":"post-9734","1":"product","2":"type-product","3":"status-publish","4":"has-post-thumbnail","6":"product_cat-autres-inox","7":"product_cat-armoires-inox-suspendus","9":"first","10":"instock","11":"shipping-taxable","12":"product-type-simple"},"_links":{"self":[{"href":"https:\/\/www.rgequip.com\/index.php?rest_route=\/wp\/v2\/product\/9734","targetHints":{"allow":["GET"]}}],"collection":[{"href":"https:\/\/www.rgequip.com\/index.php?rest_route=\/wp\/v2\/product"}],"about":[{"href":"https:\/\/www.rgequip.com\/index.php?rest_route=\/wp\/v2\/types\/product"}],"replies":[{"embeddable":true,"href":"https:\/\/www.rgequip.com\/index.php?rest_route=%2Fwp%2Fv2%2Fcomments&post=9734"}],"version-history":[{"count":0,"href":"https:\/\/www.rgequip.com\/index.php?rest_route=\/wp\/v2\/product\/9734\/revisions"}],"wp:featuredmedia":[{"embeddable":true,"href":"https:\/\/www.rgequip.com\/index.php?rest_route=\/wp\/v2\/media\/9736"}],"wp:attachment":[{"href":"https:\/\/www.rgequip.com\/index.php?rest_route=%2Fwp%2Fv2%2Fmedia&parent=9734"}],"wp:term":[{"taxonomy":"product_brand","embeddable":true,"href":"https:\/\/www.rgequip.com\/index.php?rest_route=%2Fwp%2Fv2%2Fproduct_brand&post=9734"},{"taxonomy":"product_cat","embeddable":true,"href":"https:\/\/www.rgequip.com\/index.php?rest_route=%2Fwp%2Fv2%2Fproduct_cat&post=9734"},{"taxonomy":"product_tag","embeddable":true,"href":"https:\/\/www.rgequip.com\/index.php?rest_route=%2Fwp%2Fv2%2Fproduct_tag&post=9734"}],"curies":[{"name":"wp","href":"https:\/\/api.w.org\/{rel}","templated":true}]}}