{"id":9727,"date":"2019-09-26T15:41:42","date_gmt":"2019-09-26T13:41:42","guid":{"rendered":"https:\/\/www.rgequip.com\/?post_type=product&#038;p=9727"},"modified":"2019-09-26T15:41:42","modified_gmt":"2019-09-26T13:41:42","slug":"chauffe-frites-electrique","status":"publish","type":"product","link":"https:\/\/www.rgequip.com\/?product=chauffe-frites-electrique","title":{"rendered":"Chauffe-frites \u00e9lectrique"},"content":{"rendered":"<p>Capacit\u00e9 du conteneur GN 2\/3 x 150 mm.<br \/>\nUne r\u00e9sistance c\u00e9ramique infrarouge \u00e0 l&#8217;arri\u00e8re du produit<br \/>\nMaintient les aliments chaud avant leurs services.<br \/>\nFiltrer l&#8217;huile de pomme de terre avec une passoire<\/p>\n","protected":false},"excerpt":{"rendered":"<p>Capacit\u00e9 du conteneur GN 2\/3 x 150 mm. Une r\u00e9sistance c\u00e9ramique infrarouge \u00e0 l&#8217;arri\u00e8re du produit Maintient les aliments chaud<\/p>\n","protected":false},"featured_media":9731,"comment_status":"open","ping_status":"closed","template":"","meta":[],"product_brand":[],"product_cat":[226,233,254],"product_tag":[],"class_list":{"0":"post-9727","1":"product","2":"type-product","3":"status-publish","4":"has-post-thumbnail","6":"product_cat-cuisson","7":"product_cat-friteuses","8":"product_cat-poste-salage","10":"first","11":"instock","12":"shipping-taxable","13":"product-type-simple"},"_links":{"self":[{"href":"https:\/\/www.rgequip.com\/index.php?rest_route=\/wp\/v2\/product\/9727","targetHints":{"allow":["GET"]}}],"collection":[{"href":"https:\/\/www.rgequip.com\/index.php?rest_route=\/wp\/v2\/product"}],"about":[{"href":"https:\/\/www.rgequip.com\/index.php?rest_route=\/wp\/v2\/types\/product"}],"replies":[{"embeddable":true,"href":"https:\/\/www.rgequip.com\/index.php?rest_route=%2Fwp%2Fv2%2Fcomments&post=9727"}],"version-history":[{"count":0,"href":"https:\/\/www.rgequip.com\/index.php?rest_route=\/wp\/v2\/product\/9727\/revisions"}],"wp:featuredmedia":[{"embeddable":true,"href":"https:\/\/www.rgequip.com\/index.php?rest_route=\/wp\/v2\/media\/9731"}],"wp:attachment":[{"href":"https:\/\/www.rgequip.com\/index.php?rest_route=%2Fwp%2Fv2%2Fmedia&parent=9727"}],"wp:term":[{"taxonomy":"product_brand","embeddable":true,"href":"https:\/\/www.rgequip.com\/index.php?rest_route=%2Fwp%2Fv2%2Fproduct_brand&post=9727"},{"taxonomy":"product_cat","embeddable":true,"href":"https:\/\/www.rgequip.com\/index.php?rest_route=%2Fwp%2Fv2%2Fproduct_cat&post=9727"},{"taxonomy":"product_tag","embeddable":true,"href":"https:\/\/www.rgequip.com\/index.php?rest_route=%2Fwp%2Fv2%2Fproduct_tag&post=9727"}],"curies":[{"name":"wp","href":"https:\/\/api.w.org\/{rel}","templated":true}]}}