{"id":9717,"date":"2019-09-26T15:26:30","date_gmt":"2019-09-26T13:26:30","guid":{"rendered":"https:\/\/www.rgequip.com\/?post_type=product&#038;p=9717"},"modified":"2019-09-26T15:27:57","modified_gmt":"2019-09-26T13:27:57","slug":"plaque-aluminium-6040-cm","status":"publish","type":"product","link":"https:\/\/www.rgequip.com\/?product=plaque-aluminium-6040-cm","title":{"rendered":"Plaque patissi\u00e8re 53*32,5 cm"},"content":{"rendered":"<p>Dimensions: 530x325mm<\/p>\n<p>\u00e9paisseur 1.5mm avec bords repli\u00e9s \u00e0 45 degr\u00e9s<\/p>\n","protected":false},"excerpt":{"rendered":"<p>Dimensions: 530x325mm \u00e9paisseur 1.5mm avec bords repli\u00e9s \u00e0 45 degr\u00e9s<\/p>\n","protected":false},"featured_media":9718,"comment_status":"open","ping_status":"closed","template":"","meta":[],"product_brand":[],"product_cat":[337,340,374,369],"product_tag":[],"class_list":{"0":"post-9717","1":"product","2":"type-product","3":"status-publish","4":"has-post-thumbnail","6":"product_cat-preparation","7":"product_cat-accessoires-preparation","8":"product_cat-autres","9":"product_cat-boulangerie","11":"first","12":"instock","13":"shipping-taxable","14":"product-type-simple"},"_links":{"self":[{"href":"https:\/\/www.rgequip.com\/index.php?rest_route=\/wp\/v2\/product\/9717","targetHints":{"allow":["GET"]}}],"collection":[{"href":"https:\/\/www.rgequip.com\/index.php?rest_route=\/wp\/v2\/product"}],"about":[{"href":"https:\/\/www.rgequip.com\/index.php?rest_route=\/wp\/v2\/types\/product"}],"replies":[{"embeddable":true,"href":"https:\/\/www.rgequip.com\/index.php?rest_route=%2Fwp%2Fv2%2Fcomments&post=9717"}],"version-history":[{"count":1,"href":"https:\/\/www.rgequip.com\/index.php?rest_route=\/wp\/v2\/product\/9717\/revisions"}],"predecessor-version":[{"id":9722,"href":"https:\/\/www.rgequip.com\/index.php?rest_route=\/wp\/v2\/product\/9717\/revisions\/9722"}],"wp:featuredmedia":[{"embeddable":true,"href":"https:\/\/www.rgequip.com\/index.php?rest_route=\/wp\/v2\/media\/9718"}],"wp:attachment":[{"href":"https:\/\/www.rgequip.com\/index.php?rest_route=%2Fwp%2Fv2%2Fmedia&parent=9717"}],"wp:term":[{"taxonomy":"product_brand","embeddable":true,"href":"https:\/\/www.rgequip.com\/index.php?rest_route=%2Fwp%2Fv2%2Fproduct_brand&post=9717"},{"taxonomy":"product_cat","embeddable":true,"href":"https:\/\/www.rgequip.com\/index.php?rest_route=%2Fwp%2Fv2%2Fproduct_cat&post=9717"},{"taxonomy":"product_tag","embeddable":true,"href":"https:\/\/www.rgequip.com\/index.php?rest_route=%2Fwp%2Fv2%2Fproduct_tag&post=9717"}],"curies":[{"name":"wp","href":"https:\/\/api.w.org\/{rel}","templated":true}]}}