{"id":9715,"date":"2019-09-26T15:25:26","date_gmt":"2019-09-26T13:25:26","guid":{"rendered":"https:\/\/www.rgequip.com\/?post_type=product&#038;p=9715"},"modified":"2019-09-26T15:25:27","modified_gmt":"2019-09-26T13:25:27","slug":"friteuse-gaz-professionnelle-1-cuve-de-8-l","status":"publish","type":"product","link":"https:\/\/www.rgequip.com\/?product=friteuse-gaz-professionnelle-1-cuve-de-8-l","title":{"rendered":"Friteuse gaz professionnelle \u2013 1 cuve de 8 L"},"content":{"rendered":"<p>Particuli\u00e8rement destin\u00e9e \u00e0 la cuisson d\u2019aliments frais\u00a0et\u00a0surgel\u00e9s en vente ambulante\u00a0o\u00f9 l\u2019espace est tr\u00e8s restreint comme\u00a0les food-trucks et les associations<\/p>\n<p align=\"JUSTIFY\">Le repose-panier filtrant\u00a0plac\u00e9 au fond de la cuve inox a une double fonction\u00a0:<br \/>\n* Ce filtre r\u00e9cup\u00e8re les r\u00e9sidus de diverses\u00a0fritures\u00a0et\u00a0portions de frites<br \/>\n* Cette grille permet de\u00a0frire sans panier\u00a0des\u00a0beignets\u00a0ou des\u00a0poissons entiers<br \/>\n\u00c9quip\u00e9e d\u2019une double rampe de\u00a0radiants tr\u00e8s puissants\u00a0plac\u00e9e sous la\u00a0cuve inox.<br \/>\nL\u2019allumage Piezo<i>\u00a0<\/i>s\u2019effectue par simple pression simultan\u00e9e des 2 boutons d\u2019allumage et de r\u00e9glage.<br \/>\nLa veilleuse permet de contr\u00f4ler l\u2019arriv\u00e9e du gaz et le bon allumage de la friteuse. Le gaz s\u2019\u00e9vacue par le dosseret arri\u00e8re.<\/p>\n<p align=\"JUSTIFY\">L\u2019entretien s\u2019effectue en toute s\u00e9curit\u00e9\u00a0gr\u00e2ce \u00e0 un\u00a0robinet de vidange\u00a0inox.<\/p>\n<p>&nbsp;<\/p>\n","protected":false},"excerpt":{"rendered":"<p>Particuli\u00e8rement destin\u00e9e \u00e0 la cuisson d\u2019aliments frais\u00a0et\u00a0surgel\u00e9s en vente ambulante\u00a0o\u00f9 l\u2019espace est tr\u00e8s restreint comme\u00a0les food-trucks et les associations Le<\/p>\n","protected":false},"featured_media":9720,"comment_status":"open","ping_status":"closed","template":"","meta":[],"product_brand":[],"product_cat":[226,255,233],"product_tag":[],"class_list":{"0":"post-9715","1":"product","2":"type-product","3":"status-publish","4":"has-post-thumbnail","6":"product_cat-cuisson","7":"product_cat-friteuse-gaz","8":"product_cat-friteuses","10":"first","11":"instock","12":"shipping-taxable","13":"product-type-simple"},"_links":{"self":[{"href":"https:\/\/www.rgequip.com\/index.php?rest_route=\/wp\/v2\/product\/9715","targetHints":{"allow":["GET"]}}],"collection":[{"href":"https:\/\/www.rgequip.com\/index.php?rest_route=\/wp\/v2\/product"}],"about":[{"href":"https:\/\/www.rgequip.com\/index.php?rest_route=\/wp\/v2\/types\/product"}],"replies":[{"embeddable":true,"href":"https:\/\/www.rgequip.com\/index.php?rest_route=%2Fwp%2Fv2%2Fcomments&post=9715"}],"version-history":[{"count":0,"href":"https:\/\/www.rgequip.com\/index.php?rest_route=\/wp\/v2\/product\/9715\/revisions"}],"wp:featuredmedia":[{"embeddable":true,"href":"https:\/\/www.rgequip.com\/index.php?rest_route=\/wp\/v2\/media\/9720"}],"wp:attachment":[{"href":"https:\/\/www.rgequip.com\/index.php?rest_route=%2Fwp%2Fv2%2Fmedia&parent=9715"}],"wp:term":[{"taxonomy":"product_brand","embeddable":true,"href":"https:\/\/www.rgequip.com\/index.php?rest_route=%2Fwp%2Fv2%2Fproduct_brand&post=9715"},{"taxonomy":"product_cat","embeddable":true,"href":"https:\/\/www.rgequip.com\/index.php?rest_route=%2Fwp%2Fv2%2Fproduct_cat&post=9715"},{"taxonomy":"product_tag","embeddable":true,"href":"https:\/\/www.rgequip.com\/index.php?rest_route=%2Fwp%2Fv2%2Fproduct_tag&post=9715"}],"curies":[{"name":"wp","href":"https:\/\/api.w.org\/{rel}","templated":true}]}}