{"id":9700,"date":"2019-09-26T13:21:05","date_gmt":"2019-09-26T11:21:05","guid":{"rendered":"https:\/\/www.rgequip.com\/?post_type=product&#038;p=9700"},"modified":"2019-11-28T11:03:30","modified_gmt":"2019-11-28T10:03:30","slug":"poubelle-120-l-roulante-blanche-professionnelle","status":"publish","type":"product","link":"https:\/\/www.rgequip.com\/?product=poubelle-120-l-roulante-blanche-professionnelle","title":{"rendered":"Poubelle 120 L roulante blanche professionnelle"},"content":{"rendered":"<p>Poubelle 120L roulante blanche professionnelle 550 x 480 x 930 mm<br \/>\nAvec couvercle, prise frontale.<br \/>\nEn polypropyl\u00e8ne haute densit\u00e9.<br \/>\nSt\u00e9rilisable.<br \/>\nR\u00e9siste au chaud<\/p>\n","protected":false},"excerpt":{"rendered":"<p>Poubelle 120L roulante blanche professionnelle 550 x 480 x 930 mm Avec couvercle, prise frontale. En polypropyl\u00e8ne haute densit\u00e9. St\u00e9rilisable.<\/p>\n","protected":false},"featured_media":9703,"comment_status":"open","ping_status":"closed","template":"","meta":[],"product_brand":[],"product_cat":[392,395,405],"product_tag":[],"class_list":{"0":"post-9700","1":"product","2":"type-product","3":"status-publish","4":"has-post-thumbnail","6":"product_cat-laverie-hygiene","7":"product_cat-hygiene","8":"product_cat-poubelles","10":"first","11":"instock","12":"shipping-taxable","13":"product-type-simple"},"_links":{"self":[{"href":"https:\/\/www.rgequip.com\/index.php?rest_route=\/wp\/v2\/product\/9700","targetHints":{"allow":["GET"]}}],"collection":[{"href":"https:\/\/www.rgequip.com\/index.php?rest_route=\/wp\/v2\/product"}],"about":[{"href":"https:\/\/www.rgequip.com\/index.php?rest_route=\/wp\/v2\/types\/product"}],"replies":[{"embeddable":true,"href":"https:\/\/www.rgequip.com\/index.php?rest_route=%2Fwp%2Fv2%2Fcomments&post=9700"}],"version-history":[{"count":0,"href":"https:\/\/www.rgequip.com\/index.php?rest_route=\/wp\/v2\/product\/9700\/revisions"}],"wp:featuredmedia":[{"embeddable":true,"href":"https:\/\/www.rgequip.com\/index.php?rest_route=\/wp\/v2\/media\/9703"}],"wp:attachment":[{"href":"https:\/\/www.rgequip.com\/index.php?rest_route=%2Fwp%2Fv2%2Fmedia&parent=9700"}],"wp:term":[{"taxonomy":"product_brand","embeddable":true,"href":"https:\/\/www.rgequip.com\/index.php?rest_route=%2Fwp%2Fv2%2Fproduct_brand&post=9700"},{"taxonomy":"product_cat","embeddable":true,"href":"https:\/\/www.rgequip.com\/index.php?rest_route=%2Fwp%2Fv2%2Fproduct_cat&post=9700"},{"taxonomy":"product_tag","embeddable":true,"href":"https:\/\/www.rgequip.com\/index.php?rest_route=%2Fwp%2Fv2%2Fproduct_tag&post=9700"}],"curies":[{"name":"wp","href":"https:\/\/api.w.org\/{rel}","templated":true}]}}