{"id":9694,"date":"2019-09-26T12:51:36","date_gmt":"2019-09-26T10:51:36","guid":{"rendered":"https:\/\/www.rgequip.com\/?post_type=product&#038;p=9694"},"modified":"2019-09-26T14:44:18","modified_gmt":"2019-09-26T12:44:18","slug":"destructeur-dinsectes-resistant-a-leau","status":"publish","type":"product","link":"https:\/\/www.rgequip.com\/?product=destructeur-dinsectes-resistant-a-leau","title":{"rendered":"Destructeur D&#8217;Insectes R\u00e9sistant \u00c0 L&#8217;Eau"},"content":{"rendered":"<p>Les insectes attir\u00e9s par la lumi\u00e8re et ensuite aspir\u00e9 dans le bac par un ventilateur puissant ou ils mourront par d\u00e9shydratation.<br \/>\nLe tube de 25W BLB 3U de haute qualit\u00e9 produit un lumi\u00e8re UV-A 100% invisible.<br \/>\nConstruction en ABS ignifug\u00e9.<br \/>\n\u00c9tanche,il s&#8217; utilise \u00e0 l&#8217;int\u00e9rieur comme \u00e0 l&#8217;ext\u00e9rieur.<br \/>\nBac de r\u00e9cup\u00e9ration amovible, se nettoie facilement.<br \/>\nPort\u00e9e maximale: environ 300m2.<br \/>\nMontage avec cha\u00eene.<\/p>\n","protected":false},"excerpt":{"rendered":"<p>Les insectes attir\u00e9s par la lumi\u00e8re et ensuite aspir\u00e9 dans le bac par un ventilateur puissant ou ils mourront par<\/p>\n","protected":false},"featured_media":9712,"comment_status":"open","ping_status":"closed","template":"","meta":[],"product_brand":[],"product_cat":[392,402,395],"product_tag":[],"class_list":{"0":"post-9694","1":"product","2":"type-product","3":"status-publish","4":"has-post-thumbnail","6":"product_cat-laverie-hygiene","7":"product_cat-destructeur-dinsectes","8":"product_cat-hygiene","10":"first","11":"instock","12":"shipping-taxable","13":"product-type-simple"},"_links":{"self":[{"href":"https:\/\/www.rgequip.com\/index.php?rest_route=\/wp\/v2\/product\/9694","targetHints":{"allow":["GET"]}}],"collection":[{"href":"https:\/\/www.rgequip.com\/index.php?rest_route=\/wp\/v2\/product"}],"about":[{"href":"https:\/\/www.rgequip.com\/index.php?rest_route=\/wp\/v2\/types\/product"}],"replies":[{"embeddable":true,"href":"https:\/\/www.rgequip.com\/index.php?rest_route=%2Fwp%2Fv2%2Fcomments&post=9694"}],"version-history":[{"count":0,"href":"https:\/\/www.rgequip.com\/index.php?rest_route=\/wp\/v2\/product\/9694\/revisions"}],"wp:featuredmedia":[{"embeddable":true,"href":"https:\/\/www.rgequip.com\/index.php?rest_route=\/wp\/v2\/media\/9712"}],"wp:attachment":[{"href":"https:\/\/www.rgequip.com\/index.php?rest_route=%2Fwp%2Fv2%2Fmedia&parent=9694"}],"wp:term":[{"taxonomy":"product_brand","embeddable":true,"href":"https:\/\/www.rgequip.com\/index.php?rest_route=%2Fwp%2Fv2%2Fproduct_brand&post=9694"},{"taxonomy":"product_cat","embeddable":true,"href":"https:\/\/www.rgequip.com\/index.php?rest_route=%2Fwp%2Fv2%2Fproduct_cat&post=9694"},{"taxonomy":"product_tag","embeddable":true,"href":"https:\/\/www.rgequip.com\/index.php?rest_route=%2Fwp%2Fv2%2Fproduct_tag&post=9694"}],"curies":[{"name":"wp","href":"https:\/\/api.w.org\/{rel}","templated":true}]}}