{"id":9690,"date":"2019-09-26T12:37:34","date_gmt":"2019-09-26T10:37:34","guid":{"rendered":"https:\/\/www.rgequip.com\/?post_type=product&#038;p=9690"},"modified":"2019-09-26T12:37:34","modified_gmt":"2019-09-26T10:37:34","slug":"rotissoire-verticale-electrique-2-broches-12-poulets","status":"publish","type":"product","link":"https:\/\/www.rgequip.com\/?product=rotissoire-verticale-electrique-2-broches-12-poulets","title":{"rendered":"R\u00f4tissoire verticale \u00e9lectrique 2 broches 12 poulets"},"content":{"rendered":"<p><span class=\"texte_catalogue\">\u00a0une broche m\u00e9tallique qui tourne sur un axe fixe lors de la cuisson.<br \/>\n<\/span><span class=\"texte_catalogue\"> La rotation lente, r\u00e9guli\u00e8re de la broche permet \u00e0 toutes les parties de la pi\u00e8ce \u00e0 r\u00f4tir de recevoir la m\u00eame quantit\u00e9 de chaleur. <\/span><br \/>\nMunie de r\u00e9sistances blind\u00e9es parcourant la longueur de la broche \u00e0 pic.<br \/>\nIl garanti une capacit\u00e9 de chauffe optimales pour la bonne cuisson .<\/p>\n","protected":false},"excerpt":{"rendered":"<p>\u00a0une broche m\u00e9tallique qui tourne sur un axe fixe lors de la cuisson. La rotation lente, r\u00e9guli\u00e8re de la broche<\/p>\n","protected":false},"featured_media":9693,"comment_status":"open","ping_status":"closed","template":"","meta":[],"product_brand":[],"product_cat":[337,226,260,235],"product_tag":[],"class_list":{"0":"post-9690","1":"product","2":"type-product","3":"status-publish","4":"has-post-thumbnail","6":"product_cat-preparation","7":"product_cat-cuisson","8":"product_cat-rotissoire","9":"product_cat-snacking","11":"first","12":"instock","13":"shipping-taxable","14":"product-type-simple"},"_links":{"self":[{"href":"https:\/\/www.rgequip.com\/index.php?rest_route=\/wp\/v2\/product\/9690","targetHints":{"allow":["GET"]}}],"collection":[{"href":"https:\/\/www.rgequip.com\/index.php?rest_route=\/wp\/v2\/product"}],"about":[{"href":"https:\/\/www.rgequip.com\/index.php?rest_route=\/wp\/v2\/types\/product"}],"replies":[{"embeddable":true,"href":"https:\/\/www.rgequip.com\/index.php?rest_route=%2Fwp%2Fv2%2Fcomments&post=9690"}],"version-history":[{"count":0,"href":"https:\/\/www.rgequip.com\/index.php?rest_route=\/wp\/v2\/product\/9690\/revisions"}],"wp:featuredmedia":[{"embeddable":true,"href":"https:\/\/www.rgequip.com\/index.php?rest_route=\/wp\/v2\/media\/9693"}],"wp:attachment":[{"href":"https:\/\/www.rgequip.com\/index.php?rest_route=%2Fwp%2Fv2%2Fmedia&parent=9690"}],"wp:term":[{"taxonomy":"product_brand","embeddable":true,"href":"https:\/\/www.rgequip.com\/index.php?rest_route=%2Fwp%2Fv2%2Fproduct_brand&post=9690"},{"taxonomy":"product_cat","embeddable":true,"href":"https:\/\/www.rgequip.com\/index.php?rest_route=%2Fwp%2Fv2%2Fproduct_cat&post=9690"},{"taxonomy":"product_tag","embeddable":true,"href":"https:\/\/www.rgequip.com\/index.php?rest_route=%2Fwp%2Fv2%2Fproduct_tag&post=9690"}],"curies":[{"name":"wp","href":"https:\/\/api.w.org\/{rel}","templated":true}]}}