{"id":9688,"date":"2019-09-26T11:57:43","date_gmt":"2019-09-26T09:57:43","guid":{"rendered":"https:\/\/www.rgequip.com\/?post_type=product&#038;p=9688"},"modified":"2019-09-26T11:57:43","modified_gmt":"2019-09-26T09:57:43","slug":"distributeur-de-cafe-et-de-boissons-chaudes-9l","status":"publish","type":"product","link":"https:\/\/www.rgequip.com\/?product=distributeur-de-cafe-et-de-boissons-chaudes-9l","title":{"rendered":"Distributeur de caf\u00e9 et de boissons chaudes 9L"},"content":{"rendered":"<p><span>Distributeur de caf\u00e9 et de boissons chaudes, produit essentiel pour chaque h\u00f4tel ou B &amp; B.<br \/>\n<\/span><span>Enti\u00e8rement en acier inoxydable avec br\u00fbleur \u00e0 alcool.<br \/>\n<\/span><span>Capacit\u00e9 9 litres\u00a0<\/span><span>Le produit id\u00e9al pour satisfaire vos clients.<\/span><\/p>\n","protected":false},"excerpt":{"rendered":"<p>Distributeur de caf\u00e9 et de boissons chaudes, produit essentiel pour chaque h\u00f4tel ou B &amp; B. Enti\u00e8rement en acier inoxydable<\/p>\n","protected":false},"featured_media":9689,"comment_status":"open","ping_status":"closed","template":"","meta":[],"product_brand":[],"product_cat":[314,329,336,328],"product_tag":[],"class_list":{"0":"post-9688","1":"product","2":"type-product","3":"status-publish","4":"has-post-thumbnail","6":"product_cat-cafe-bar","7":"product_cat-distributeur-de-lait","8":"product_cat-distributeur-eau-chaude","9":"product_cat-lait-chocolat","11":"first","12":"instock","13":"shipping-taxable","14":"product-type-simple"},"_links":{"self":[{"href":"https:\/\/www.rgequip.com\/index.php?rest_route=\/wp\/v2\/product\/9688","targetHints":{"allow":["GET"]}}],"collection":[{"href":"https:\/\/www.rgequip.com\/index.php?rest_route=\/wp\/v2\/product"}],"about":[{"href":"https:\/\/www.rgequip.com\/index.php?rest_route=\/wp\/v2\/types\/product"}],"replies":[{"embeddable":true,"href":"https:\/\/www.rgequip.com\/index.php?rest_route=%2Fwp%2Fv2%2Fcomments&post=9688"}],"version-history":[{"count":0,"href":"https:\/\/www.rgequip.com\/index.php?rest_route=\/wp\/v2\/product\/9688\/revisions"}],"wp:featuredmedia":[{"embeddable":true,"href":"https:\/\/www.rgequip.com\/index.php?rest_route=\/wp\/v2\/media\/9689"}],"wp:attachment":[{"href":"https:\/\/www.rgequip.com\/index.php?rest_route=%2Fwp%2Fv2%2Fmedia&parent=9688"}],"wp:term":[{"taxonomy":"product_brand","embeddable":true,"href":"https:\/\/www.rgequip.com\/index.php?rest_route=%2Fwp%2Fv2%2Fproduct_brand&post=9688"},{"taxonomy":"product_cat","embeddable":true,"href":"https:\/\/www.rgequip.com\/index.php?rest_route=%2Fwp%2Fv2%2Fproduct_cat&post=9688"},{"taxonomy":"product_tag","embeddable":true,"href":"https:\/\/www.rgequip.com\/index.php?rest_route=%2Fwp%2Fv2%2Fproduct_tag&post=9688"}],"curies":[{"name":"wp","href":"https:\/\/api.w.org\/{rel}","templated":true}]}}