{"id":9640,"date":"2019-09-25T18:55:15","date_gmt":"2019-09-25T16:55:15","guid":{"rendered":"https:\/\/www.rgequip.com\/?post_type=product&#038;p=9640"},"modified":"2019-09-25T18:55:15","modified_gmt":"2019-09-25T16:55:15","slug":"moulin-a-main","status":"publish","type":"product","link":"https:\/\/www.rgequip.com\/?product=moulin-a-main","title":{"rendered":"Moulin \u00e0 Main"},"content":{"rendered":"<p>Manche Amovible Inox<br \/>\nUstensile indispensable pour vos soupes et pur\u00e9es. Gr\u00e2ce aux 3 grilles de tailles diff\u00e9rentes, votre moulin \u00e0 l\u00e9gumes tout en inox r\u00e9pondra \u00e0 toutes vos<\/p>\n","protected":false},"excerpt":{"rendered":"<p>Manche Amovible Inox Ustensile indispensable pour vos soupes et pur\u00e9es. Gr\u00e2ce aux 3 grilles de tailles diff\u00e9rentes, votre moulin \u00e0<\/p>\n","protected":false},"featured_media":9641,"comment_status":"open","ping_status":"closed","template":"","meta":[],"product_brand":[],"product_cat":[337,340,355],"product_tag":[],"class_list":{"0":"post-9640","1":"product","2":"type-product","3":"status-publish","4":"has-post-thumbnail","6":"product_cat-preparation","7":"product_cat-accessoires-preparation","8":"product_cat-ustensils","10":"first","11":"instock","12":"shipping-taxable","13":"product-type-simple"},"_links":{"self":[{"href":"https:\/\/www.rgequip.com\/index.php?rest_route=\/wp\/v2\/product\/9640","targetHints":{"allow":["GET"]}}],"collection":[{"href":"https:\/\/www.rgequip.com\/index.php?rest_route=\/wp\/v2\/product"}],"about":[{"href":"https:\/\/www.rgequip.com\/index.php?rest_route=\/wp\/v2\/types\/product"}],"replies":[{"embeddable":true,"href":"https:\/\/www.rgequip.com\/index.php?rest_route=%2Fwp%2Fv2%2Fcomments&post=9640"}],"version-history":[{"count":0,"href":"https:\/\/www.rgequip.com\/index.php?rest_route=\/wp\/v2\/product\/9640\/revisions"}],"wp:featuredmedia":[{"embeddable":true,"href":"https:\/\/www.rgequip.com\/index.php?rest_route=\/wp\/v2\/media\/9641"}],"wp:attachment":[{"href":"https:\/\/www.rgequip.com\/index.php?rest_route=%2Fwp%2Fv2%2Fmedia&parent=9640"}],"wp:term":[{"taxonomy":"product_brand","embeddable":true,"href":"https:\/\/www.rgequip.com\/index.php?rest_route=%2Fwp%2Fv2%2Fproduct_brand&post=9640"},{"taxonomy":"product_cat","embeddable":true,"href":"https:\/\/www.rgequip.com\/index.php?rest_route=%2Fwp%2Fv2%2Fproduct_cat&post=9640"},{"taxonomy":"product_tag","embeddable":true,"href":"https:\/\/www.rgequip.com\/index.php?rest_route=%2Fwp%2Fv2%2Fproduct_tag&post=9640"}],"curies":[{"name":"wp","href":"https:\/\/api.w.org\/{rel}","templated":true}]}}