{"id":9631,"date":"2019-09-25T18:39:07","date_gmt":"2019-09-25T16:39:07","guid":{"rendered":"https:\/\/www.rgequip.com\/?post_type=product&#038;p=9631"},"modified":"2020-09-14T18:28:43","modified_gmt":"2020-09-14T16:28:43","slug":"aiguiseur-de-couteaux","status":"publish","type":"product","link":"https:\/\/www.rgequip.com\/?product=aiguiseur-de-couteaux","title":{"rendered":"Aiguiseur de couteaux"},"content":{"rendered":"<p>Con\u00e7u pour aiguiser les\u00a0<strong>Couteaux pour cuisine professionnelle<\/strong>\u00a0rapidement et facilement. Papier de verre facile \u00e0 changer.<br \/>\nConvient aux\u00a0<strong>Couteaux pour cuisine professionnelle<\/strong>\u00a0\u00e0 viande, \u00e0 poisson, aux l\u00e9gumes et aux fruits.<br \/>\nABS plastic 310x110x(H)110 mm<\/p>\n","protected":false},"excerpt":{"rendered":"<p>Con\u00e7u pour aiguiser les\u00a0Couteaux pour cuisine professionnelle\u00a0rapidement et facilement. Papier de verre facile \u00e0 changer. Convient aux\u00a0Couteaux pour cuisine professionnelle\u00a0\u00e0<\/p>\n","protected":false},"featured_media":9633,"comment_status":"open","ping_status":"closed","template":"","meta":[],"product_brand":[],"product_cat":[337,340,355],"product_tag":[],"class_list":{"0":"post-9631","1":"product","2":"type-product","3":"status-publish","4":"has-post-thumbnail","6":"product_cat-preparation","7":"product_cat-accessoires-preparation","8":"product_cat-ustensils","10":"first","11":"instock","12":"shipping-taxable","13":"product-type-simple"},"_links":{"self":[{"href":"https:\/\/www.rgequip.com\/index.php?rest_route=\/wp\/v2\/product\/9631","targetHints":{"allow":["GET"]}}],"collection":[{"href":"https:\/\/www.rgequip.com\/index.php?rest_route=\/wp\/v2\/product"}],"about":[{"href":"https:\/\/www.rgequip.com\/index.php?rest_route=\/wp\/v2\/types\/product"}],"replies":[{"embeddable":true,"href":"https:\/\/www.rgequip.com\/index.php?rest_route=%2Fwp%2Fv2%2Fcomments&post=9631"}],"version-history":[{"count":1,"href":"https:\/\/www.rgequip.com\/index.php?rest_route=\/wp\/v2\/product\/9631\/revisions"}],"predecessor-version":[{"id":18613,"href":"https:\/\/www.rgequip.com\/index.php?rest_route=\/wp\/v2\/product\/9631\/revisions\/18613"}],"wp:featuredmedia":[{"embeddable":true,"href":"https:\/\/www.rgequip.com\/index.php?rest_route=\/wp\/v2\/media\/9633"}],"wp:attachment":[{"href":"https:\/\/www.rgequip.com\/index.php?rest_route=%2Fwp%2Fv2%2Fmedia&parent=9631"}],"wp:term":[{"taxonomy":"product_brand","embeddable":true,"href":"https:\/\/www.rgequip.com\/index.php?rest_route=%2Fwp%2Fv2%2Fproduct_brand&post=9631"},{"taxonomy":"product_cat","embeddable":true,"href":"https:\/\/www.rgequip.com\/index.php?rest_route=%2Fwp%2Fv2%2Fproduct_cat&post=9631"},{"taxonomy":"product_tag","embeddable":true,"href":"https:\/\/www.rgequip.com\/index.php?rest_route=%2Fwp%2Fv2%2Fproduct_tag&post=9631"}],"curies":[{"name":"wp","href":"https:\/\/api.w.org\/{rel}","templated":true}]}}