{"id":9623,"date":"2019-09-25T18:20:06","date_gmt":"2019-09-25T16:20:06","guid":{"rendered":"https:\/\/www.rgequip.com\/?post_type=product&#038;p=9623"},"modified":"2019-09-25T18:20:06","modified_gmt":"2019-09-25T16:20:06","slug":"mini-gril-a-gaz-2-bruleurs","status":"publish","type":"product","link":"https:\/\/www.rgequip.com\/?product=mini-gril-a-gaz-2-bruleurs","title":{"rendered":"Mini gril \u00e0 gaz 2 Bruleurs"},"content":{"rendered":"<p>Pratique,<br \/>\nSans odeur, sans fum\u00e9e, en bonne sant\u00e9.<br \/>\nFacile \u00e0 nettoyer, hygi\u00e9nique.<br \/>\nFacile \u00e0 transporter.<br \/>\n* Les br\u00fbleurs fonctionnent ind\u00e9pendamment les uns des autres<br \/>\n* Position minimum et maximum des br\u00fbleurs<br \/>\nCertifi\u00e9 CE<\/p>\n","protected":false},"excerpt":{"rendered":"<p>Pratique, Sans odeur, sans fum\u00e9e, en bonne sant\u00e9. Facile \u00e0 nettoyer, hygi\u00e9nique. Facile \u00e0 transporter. * Les br\u00fbleurs fonctionnent ind\u00e9pendamment<\/p>\n","protected":false},"featured_media":9624,"comment_status":"open","ping_status":"closed","template":"","meta":[],"product_brand":[],"product_cat":[226,263,235],"product_tag":[],"class_list":{"0":"post-9623","1":"product","2":"type-product","3":"status-publish","4":"has-post-thumbnail","6":"product_cat-cuisson","7":"product_cat-kebab","8":"product_cat-snacking","10":"first","11":"instock","12":"shipping-taxable","13":"product-type-simple"},"_links":{"self":[{"href":"https:\/\/www.rgequip.com\/index.php?rest_route=\/wp\/v2\/product\/9623","targetHints":{"allow":["GET"]}}],"collection":[{"href":"https:\/\/www.rgequip.com\/index.php?rest_route=\/wp\/v2\/product"}],"about":[{"href":"https:\/\/www.rgequip.com\/index.php?rest_route=\/wp\/v2\/types\/product"}],"replies":[{"embeddable":true,"href":"https:\/\/www.rgequip.com\/index.php?rest_route=%2Fwp%2Fv2%2Fcomments&post=9623"}],"version-history":[{"count":0,"href":"https:\/\/www.rgequip.com\/index.php?rest_route=\/wp\/v2\/product\/9623\/revisions"}],"wp:featuredmedia":[{"embeddable":true,"href":"https:\/\/www.rgequip.com\/index.php?rest_route=\/wp\/v2\/media\/9624"}],"wp:attachment":[{"href":"https:\/\/www.rgequip.com\/index.php?rest_route=%2Fwp%2Fv2%2Fmedia&parent=9623"}],"wp:term":[{"taxonomy":"product_brand","embeddable":true,"href":"https:\/\/www.rgequip.com\/index.php?rest_route=%2Fwp%2Fv2%2Fproduct_brand&post=9623"},{"taxonomy":"product_cat","embeddable":true,"href":"https:\/\/www.rgequip.com\/index.php?rest_route=%2Fwp%2Fv2%2Fproduct_cat&post=9623"},{"taxonomy":"product_tag","embeddable":true,"href":"https:\/\/www.rgequip.com\/index.php?rest_route=%2Fwp%2Fv2%2Fproduct_tag&post=9623"}],"curies":[{"name":"wp","href":"https:\/\/api.w.org\/{rel}","templated":true}]}}