{"id":9620,"date":"2019-09-25T18:09:47","date_gmt":"2019-09-25T16:09:47","guid":{"rendered":"https:\/\/www.rgequip.com\/?post_type=product&#038;p=9620"},"modified":"2019-09-25T18:12:32","modified_gmt":"2019-09-25T16:12:32","slug":"mini-four-a-convection","status":"publish","type":"product","link":"https:\/\/www.rgequip.com\/?product=mini-four-a-convection","title":{"rendered":"Mini Four A Convection"},"content":{"rendered":"<p>Four \u00e0 convection ventil\u00e9<br \/>\nDe plus,sa Structure sa poign\u00e9e en acier inoxydable<br \/>\nChambre en aluminium de cuisine<br \/>\nEclairage int\u00e9rieur<br \/>\n4 modes de r\u00e9sistances d&#8217;allumage<br \/>\nFonction Grill<br \/>\nThermostat 100-250 \u00b0 C<br \/>\nMinuterie 0-60 minutes<\/p>\n","protected":false},"excerpt":{"rendered":"<p>Four \u00e0 convection ventil\u00e9 De plus,sa Structure sa poign\u00e9e en acier inoxydable Chambre en aluminium de cuisine Eclairage int\u00e9rieur 4<\/p>\n","protected":false},"featured_media":9622,"comment_status":"open","ping_status":"closed","template":"","meta":[],"product_brand":[],"product_cat":[369,372],"product_tag":[],"class_list":{"0":"post-9620","1":"product","2":"type-product","3":"status-publish","4":"has-post-thumbnail","6":"product_cat-boulangerie","7":"product_cat-cuisson-boulangerie","9":"first","10":"instock","11":"shipping-taxable","12":"product-type-simple"},"_links":{"self":[{"href":"https:\/\/www.rgequip.com\/index.php?rest_route=\/wp\/v2\/product\/9620","targetHints":{"allow":["GET"]}}],"collection":[{"href":"https:\/\/www.rgequip.com\/index.php?rest_route=\/wp\/v2\/product"}],"about":[{"href":"https:\/\/www.rgequip.com\/index.php?rest_route=\/wp\/v2\/types\/product"}],"replies":[{"embeddable":true,"href":"https:\/\/www.rgequip.com\/index.php?rest_route=%2Fwp%2Fv2%2Fcomments&post=9620"}],"version-history":[{"count":0,"href":"https:\/\/www.rgequip.com\/index.php?rest_route=\/wp\/v2\/product\/9620\/revisions"}],"wp:featuredmedia":[{"embeddable":true,"href":"https:\/\/www.rgequip.com\/index.php?rest_route=\/wp\/v2\/media\/9622"}],"wp:attachment":[{"href":"https:\/\/www.rgequip.com\/index.php?rest_route=%2Fwp%2Fv2%2Fmedia&parent=9620"}],"wp:term":[{"taxonomy":"product_brand","embeddable":true,"href":"https:\/\/www.rgequip.com\/index.php?rest_route=%2Fwp%2Fv2%2Fproduct_brand&post=9620"},{"taxonomy":"product_cat","embeddable":true,"href":"https:\/\/www.rgequip.com\/index.php?rest_route=%2Fwp%2Fv2%2Fproduct_cat&post=9620"},{"taxonomy":"product_tag","embeddable":true,"href":"https:\/\/www.rgequip.com\/index.php?rest_route=%2Fwp%2Fv2%2Fproduct_tag&post=9620"}],"curies":[{"name":"wp","href":"https:\/\/api.w.org\/{rel}","templated":true}]}}