{"id":9616,"date":"2019-09-25T17:59:53","date_gmt":"2019-09-25T15:59:53","guid":{"rendered":"https:\/\/www.rgequip.com\/?post_type=product&#038;p=9616"},"modified":"2019-09-25T17:59:53","modified_gmt":"2019-09-25T15:59:53","slug":"groupe-multiple-presse-agrume-presseur-mixeur-brouilleur","status":"publish","type":"product","link":"https:\/\/www.rgequip.com\/?product=groupe-multiple-presse-agrume-presseur-mixeur-brouilleur","title":{"rendered":"Groupe multiple (Presse Agrume-Presseur-Mixeur-Brouilleur)"},"content":{"rendered":"<p>Machines pour pr\u00e9parer simultan\u00e9ment plusieurs recettes.<br \/>\nDe plus, son Corps en alliage d\u2019aluminium l\u00e9ger peint &#8211; moteurs ind\u00e9pendants.<br \/>\nCompos\u00e9 d\u2019un presse-agrumes et d\u2019un mixeur avec un verre de 1,5 l .<\/p>\n","protected":false},"excerpt":{"rendered":"<p>Machines pour pr\u00e9parer simultan\u00e9ment plusieurs recettes. De plus, son Corps en alliage d\u2019aluminium l\u00e9ger peint &#8211; moteurs ind\u00e9pendants. Compos\u00e9 d\u2019un<\/p>\n","protected":false},"featured_media":9619,"comment_status":"open","ping_status":"closed","template":"","meta":[],"product_brand":[],"product_cat":[314,320,321,322],"product_tag":[],"class_list":{"0":"post-9616","1":"product","2":"type-product","3":"status-publish","4":"has-post-thumbnail","6":"product_cat-cafe-bar","7":"product_cat-blender","8":"product_cat-blender-mixer","9":"product_cat-mixeur-bar","11":"first","12":"instock","13":"shipping-taxable","14":"product-type-simple"},"_links":{"self":[{"href":"https:\/\/www.rgequip.com\/index.php?rest_route=\/wp\/v2\/product\/9616","targetHints":{"allow":["GET"]}}],"collection":[{"href":"https:\/\/www.rgequip.com\/index.php?rest_route=\/wp\/v2\/product"}],"about":[{"href":"https:\/\/www.rgequip.com\/index.php?rest_route=\/wp\/v2\/types\/product"}],"replies":[{"embeddable":true,"href":"https:\/\/www.rgequip.com\/index.php?rest_route=%2Fwp%2Fv2%2Fcomments&post=9616"}],"version-history":[{"count":0,"href":"https:\/\/www.rgequip.com\/index.php?rest_route=\/wp\/v2\/product\/9616\/revisions"}],"wp:featuredmedia":[{"embeddable":true,"href":"https:\/\/www.rgequip.com\/index.php?rest_route=\/wp\/v2\/media\/9619"}],"wp:attachment":[{"href":"https:\/\/www.rgequip.com\/index.php?rest_route=%2Fwp%2Fv2%2Fmedia&parent=9616"}],"wp:term":[{"taxonomy":"product_brand","embeddable":true,"href":"https:\/\/www.rgequip.com\/index.php?rest_route=%2Fwp%2Fv2%2Fproduct_brand&post=9616"},{"taxonomy":"product_cat","embeddable":true,"href":"https:\/\/www.rgequip.com\/index.php?rest_route=%2Fwp%2Fv2%2Fproduct_cat&post=9616"},{"taxonomy":"product_tag","embeddable":true,"href":"https:\/\/www.rgequip.com\/index.php?rest_route=%2Fwp%2Fv2%2Fproduct_tag&post=9616"}],"curies":[{"name":"wp","href":"https:\/\/api.w.org\/{rel}","templated":true}]}}